{"id":2630,"date":"2024-09-02T01:35:57","date_gmt":"2024-09-02T00:35:57","guid":{"rendered":"https:\/\/teamledl.at\/?page_id=2630"},"modified":"2024-09-02T19:54:56","modified_gmt":"2024-09-02T18:54:56","slug":"team","status":"publish","type":"page","link":"https:\/\/teamledl.at\/en\/about-us\/team\/","title":{"rendered":"Team"},"content":{"rendered":"<div class=\"wp-block-uagb-container uagb-block-1ececc70 alignfull uagb-is-root-container\">\n<div class=\"wp-block-uagb-container uagb-block-ac3334db\">\n<div class=\"wp-block-uagb-advanced-heading uagb-block-9866d22f\"><h2 class=\"uagb-heading-text\">Our trainers<\/h2><\/div>\n<\/div>\n\n\n\n<div class=\"uagb-position__sticky wp-block-uagb-container uag-blocks-common-selector uagb-block-f9499e20\">      \n\t\t\t<div class=\"uagb-icon-wrapper uagb-block-7a2165ab\"\n\t\t\tstyle=\"\" >\n\t\t\t\t\t\t\t\t\t<span class=\"uagb-svg-wrapper\" \n\t\t\t\t\t aria-label=\"phone\"\t\t\t\t\ttabindex=\"0\">\t\t\n\t\t\t\t\t\t\t\t\t\t<a rel=\"noopener noreferrer\" href=\"tel:+43%20(0)%201%20890%2027%2009\" target=\"_self\"><svg xmlns=\"https:\/\/www.w3.org\/2000\/svg\" viewbox= \"0 0 512 512\" role=\"graphics-symbol\" aria-hidden=\"false\" aria-label=\"\"><path d=\"M511.2 387l-23.25 100.8c-3.266 14.25-15.79 24.22-30.46 24.22C205.2 512 0 306.8 0 54.5c0-14.66 9.969-27.2 24.22-30.45l100.8-23.25C139.7-2.602 154.7 5.018 160.8 18.92l46.52 108.5c5.438 12.78 1.77 27.67-8.98 36.45L144.5 207.1c33.98 69.22 90.26 125.5 159.5 159.5l44.08-53.8c8.688-10.78 23.69-14.51 36.47-8.975l108.5 46.51C506.1 357.2 514.6 372.4 511.2 387z\"><\/path><\/svg><\/a>\n\t\t\t\t\t\t\t\t\t<\/span>\n\t\t\t\t\t\t\t<\/div>\n\t\t\t\n\n      \n\t\t\t<div class=\"uagb-icon-wrapper uagb-block-c2792afa\"\n\t\t\tstyle=\"\" >\n\t\t\t\t\t\t\t\t\t<span class=\"uagb-svg-wrapper\" \n\t\t\t\t\t aria-label=\"envelope\"\t\t\t\t\ttabindex=\"0\">\t\t\n\t\t\t\t\t\t\t\t\t\t<a rel=\"noopener noreferrer\" href=\"mailto:office@teamledl.at\" target=\"_self\"><svg xmlns=\"https:\/\/www.w3.org\/2000\/svg\" viewbox= \"0 0 512 512\" role=\"graphics-symbol\" aria-hidden=\"false\" aria-label=\"\"><path d=\"M464 64C490.5 64 512 85.49 512 112C512 127.1 504.9 141.3 492.8 150.4L275.2 313.6C263.8 322.1 248.2 322.1 236.8 313.6L19.2 150.4C7.113 141.3 0 127.1 0 112C0 85.49 21.49 64 48 64H464zM217.6 339.2C240.4 356.3 271.6 356.3 294.4 339.2L512 176V384C512 419.3 483.3 448 448 448H64C28.65 448 0 419.3 0 384V176L217.6 339.2z\"><\/path><\/svg><\/a>\n\t\t\t\t\t\t\t\t\t<\/span>\n\t\t\t\t\t\t\t<\/div>\n\t\t\t<\/div>\n<\/div>\n\n\n\n<div class=\"wp-block-uagb-container uagb-block-175d4ce1 alignfull uagb-is-root-container\">\n<div class=\"wp-block-uagb-container uagb-block-4b3d8038\">\n<figure class=\"wp-block-image alignleft size-full is-resized has-custom-border is-style-rounded\"><img decoding=\"async\" width=\"146\" height=\"170\" src=\"https:\/\/teamledl.at\/wp-content\/uploads\/2024\/09\/Picture-1.png\" alt=\"\" class=\"wp-image-2722\" style=\"border-style:none;border-width:0px;border-radius:50%;aspect-ratio:1;object-fit:cover;width:232px;height:auto\"\/><\/figure>\n<\/div>\n\n\n\n<div class=\"wp-block-uagb-container uagb-block-62b65439\">\n<div class=\"wp-block-uagb-advanced-heading uagb-block-bc990ba7\"><h4 class=\"uagb-heading-text\"><strong>Managing Director, Ingrid Ledl<\/strong><\/h4><\/div>\n\n\n\n<div class=\"wp-block-uagb-advanced-heading uagb-block-7ab2b004\"><p class=\"uagb-heading-text\">-Qualified life and social counselor<br>-Job agent<br>-Drugstore clerk<br>-Training as an animal-assisted therapist (TAT)<br>-Training as a German as a foreign language\/German as a second language trainer<br>-Workshop on imparting knowledge of values \u200b\u200band orientation in accordance with the \u00d6IF<br>-Workshop on gender and diversity<\/p><\/div>\n<\/div>\n<\/div>\n\n\n\n<div class=\"wp-block-uagb-container uagb-block-f159e54f alignfull uagb-is-root-container\"><div class=\"uagb-container-inner-blocks-wrap\">\n<div class=\"wp-block-uagb-container uagb-block-8ebb92f3 alignfull uagb-is-root-container\"><div class=\"uagb-container-inner-blocks-wrap\">\n<div class=\"wp-block-uagb-container uagb-block-27402093\">\n<div class=\"wp-block-uagb-advanced-heading uagb-block-a5441075\"><h4 class=\"uagb-heading-text\">Lamija Krako<\/h4><\/div>\n\n\n\n<div class=\"wp-block-uagb-advanced-heading uagb-block-2a3e37db\"><p class=\"uagb-heading-text\">-Administration &amp; Organization<br>-\u00d6IF-certified DaF\/DaZ trainer<br>-Studied German language and literature, Bosnia and Herzegovina<br>-Workshop on imparting values \u200b\u200band orientation knowledge in accordance with \u00d6IF<br>-Workshop on gender and diversity<br>-Examiner of German language levels A1, A2, B1 and B2 on behalf of \u00d6IF<\/p><\/div>\n<\/div>\n\n\n\n<div class=\"wp-block-uagb-container uagb-block-a9c25dd8\">\n<div class=\"wp-block-uagb-advanced-heading uagb-block-f38a906c\"><h4 class=\"uagb-heading-text\">Christine Tornea<\/h4><\/div>\n\n\n\n<div class=\"wp-block-uagb-advanced-heading uagb-block-19ddd631\"><p class=\"uagb-heading-text\">-\u00d6IF-certified DaF\/DaZ trainer<br>-Diploma in business administration<br>-Training as DaF\/DaZ trainer<br>-Workshop on imparting values \u200b\u200band orientation knowledge in accordance with \u00d6IF<br>-Workshop on gender and diversity<br>-Examiner of German language level A1, A2 on behalf of \u00d6IF<\/p><\/div>\n<\/div>\n<\/div><\/div>\n\n\n\n<div class=\"wp-block-uagb-container uagb-block-e9c93b62 alignfull uagb-is-root-container\"><div class=\"uagb-container-inner-blocks-wrap\">\n<div class=\"wp-block-uagb-container uagb-block-998d1632\">\n<div class=\"wp-block-uagb-advanced-heading uagb-block-7793bfde\"><h4 class=\"uagb-heading-text\">Andjela Pantic<\/h4><\/div>\n\n\n\n<div class=\"wp-block-uagb-advanced-heading uagb-block-4edb1ac2\"><p class=\"uagb-heading-text\">-Project manager<br>-Administration &amp; organization<br>-Customer advice<br>-Support of the web application<br>-List maintenance<br>-\u00d6IF-certified DaF\/DaZ trainer<br>-Bachelor of Arts, German Philology<br>-Workshop for imparting values \u200b\u200band orientation knowledge in accordance with \u00d6IF<br>-Examiner of the German language level A2 and B1 on behalf of the \u00d6IF<\/p><\/div>\n<\/div>\n\n\n\n<div class=\"wp-block-uagb-container uagb-block-d91aea34\">\n<div class=\"wp-block-uagb-advanced-heading uagb-block-8417f972\"><h4 class=\"uagb-heading-text\"><strong>Jasmina Haskic<\/strong><\/h4><\/div>\n\n\n\n<div class=\"wp-block-uagb-advanced-heading uagb-block-461bfabc\"><p class=\"uagb-heading-text\">-Administration &amp; Organization<br>-Customer advice<br>-Support of the web application<br>-List maintenance<br>-Bachelor of Arts, Slavic Studies<br>-\u00d6IF-certified DaF\/DaZ trainer<br>-Examiner of the German language levels A1, A2, B1 and B2 on behalf of the \u00d6IF<\/p><\/div>\n<\/div>\n<\/div><\/div>\n\n\n\n<div class=\"wp-block-uagb-container uagb-block-dd11e07b alignfull uagb-is-root-container\"><div class=\"uagb-container-inner-blocks-wrap\">\n<div class=\"wp-block-uagb-container uagb-block-fe73b129\">\n<div class=\"wp-block-uagb-advanced-heading uagb-block-bd0e74c6\"><h4 class=\"uagb-heading-text\">Silvia Vicentic<\/h4><\/div>\n\n\n\n<div class=\"wp-block-uagb-advanced-heading uagb-block-7f22799d\"><p class=\"uagb-heading-text\">-Administration &amp; Organization<br>-Customer advice<br>-Support of the web application<br>-List maintenance<br>-\u00d6IF-certified DaF\/DaZ trainer<br>-Bachelor of Arts, Transcultural Communication<br>-Examiner of the German language levels A2 and B1 on behalf of the \u00d6IF<\/p><\/div>\n<\/div>\n\n\n\n<div class=\"wp-block-uagb-container uagb-block-04910e32\">\n<div class=\"wp-block-uagb-advanced-heading uagb-block-2d745c04\"><h4 class=\"uagb-heading-text\">Dajana Bozic<\/h4><\/div>\n\n\n\n<div class=\"wp-block-uagb-advanced-heading uagb-block-744e2301\"><p class=\"uagb-heading-text\">-Administration &amp; Organisation<br>-Study of educational science in Vienna, part-time<br>-Coaching<br>-Customer advice<br>-Support of the web application<br>-List maintenance<br>DaF\/Z trainer<\/p><\/div>\n<\/div>\n<\/div><\/div>\n\n\n\n<div class=\"wp-block-uagb-container uagb-block-33f04d1d alignfull uagb-is-root-container\"><div class=\"uagb-container-inner-blocks-wrap\">\n<div class=\"wp-block-uagb-container uagb-block-b40decff\">\n<div class=\"wp-block-uagb-advanced-heading uagb-block-bcb1f3ac\"><h4 class=\"uagb-heading-text\">Kristina Paleznica<\/h4><\/div>\n\n\n\n<div class=\"wp-block-uagb-advanced-heading uagb-block-41f3a661\"><p class=\"uagb-heading-text\">-Administration and organization<br>-\u00d6IF-certified DaF\/DaZ trainer<br>-Bachelor of Arts, German Philology<br>-Workshop for imparting values \u200b\u200band orientation knowledge in accordance with \u00d6IF<br>-Examiner of German language levels A1, A2 and B1 on behalf of \u00d6IF<\/p><\/div>\n<\/div>\n\n\n\n<div class=\"wp-block-uagb-container uagb-block-0c2dc4a4\">\n<div class=\"wp-block-uagb-advanced-heading uagb-block-adca8f22\"><h4 class=\"uagb-heading-text\">Christine Penz<\/h4><\/div>\n\n\n\n<div class=\"wp-block-uagb-advanced-heading uagb-block-9a08bab6\"><p class=\"uagb-heading-text\">-\u00d6IF-certified DaF\/DaZ trainer<br>-Study<br>-Examiner of German language levels A1, A2, B1 and B2 on behalf of the \u00d6IF<br>-Country workshop Syria; Diakonie Refugee Service Vienna<br>-Country workshop Kurdistan; Diakonie Refugee Service Vienna<br>-Country workshop Iraq; Diakonie Refugee Service Vienna<br>-Workshop Radicalism and Extremism; \u00d6IF Vienna<br>Workshop Flight and Trauma; Diakonie Refugee Service Vienna<br>-Workshop Gender and Diversity<br>-Workshop Designing Online Knowledge Bites, BMBWF<\/p><\/div>\n<\/div>\n<\/div><\/div>\n\n\n\n<div class=\"wp-block-uagb-container uagb-block-ab4bdf73 alignfull uagb-is-root-container\"><div class=\"uagb-container-inner-blocks-wrap\">\n<div class=\"wp-block-uagb-container uagb-block-5ca445b6\">\n<div class=\"wp-block-uagb-advanced-heading uagb-block-54a671c4\"><h4 class=\"uagb-heading-text\">Ivelina Milteva<\/h4><\/div>\n\n\n\n<div class=\"wp-block-uagb-advanced-heading uagb-block-c2641278\"><p class=\"uagb-heading-text\">-\u00d6IF-certified DaF\/DaZ trainer<br>-Examiner of the German language levels A1, A2, B1 and B2 on behalf of the \u00d6IF<br>-Bachelor of Arts, German Philology<br>-Bachelor&#8217;s degree in secondary school teaching (AB)<br>-Workshop for imparting values \u200b\u200band orientation knowledge in accordance with the \u00d6IF<br>-Teaching grammar in online courses, \u00d6IF &#8211; Austrian Integration Fund<br>-Creative writing and performative learning in the context of DaZ, \u00d6IF &#8211; Austrian Integration Fund<br>-Learning and the brain: neuroscientific foundations of learning, \u00d6IF &#8211; Austrian Integration Fund<\/p><\/div>\n<\/div>\n\n\n\n<div class=\"wp-block-uagb-container uagb-block-93adb6ba\">\n<div class=\"wp-block-uagb-advanced-heading uagb-block-2c004fa1\"><h4 class=\"uagb-heading-text\">Sonja Kovic<\/h4><\/div>\n\n\n\n<div class=\"wp-block-uagb-advanced-heading uagb-block-042a0cfb\"><p class=\"uagb-heading-text\">-Administration and organization<br>-\u00d6IF-certified DaF\/DaZ trainer<br>-Bachelor of Arts, German Studies<br>-MA German Studies<br>-Examiner of German language levels A1, A2, B1 and B2 on behalf of the \u00d6IF<\/p><\/div>\n<\/div>\n<\/div><\/div>\n\n\n\n<div class=\"wp-block-uagb-container uagb-block-b9691cd5 alignfull uagb-is-root-container\"><div class=\"uagb-container-inner-blocks-wrap\">\n<div class=\"wp-block-uagb-container uagb-block-56f1659c\">\n<div class=\"wp-block-uagb-advanced-heading uagb-block-fd4c809e\"><h4 class=\"uagb-heading-text\"><strong>Jelena Salimova<\/strong><\/h4><\/div>\n\n\n\n<div class=\"wp-block-uagb-advanced-heading uagb-block-c71b74d5\"><p class=\"uagb-heading-text\">-\u00d6IF-certified DaF\/DaZ trainer<br>-Further training: DaF teacher, Goethe Institute<br>-Maintenance of the web application<br>-List maintenance<\/p><\/div>\n<\/div>\n\n\n\n<div class=\"wp-block-uagb-container uagb-block-40fa2a0c\">\n<div class=\"wp-block-uagb-advanced-heading uagb-block-5b33ba2a\"><h4 class=\"uagb-heading-text\">Milica Nikolic<\/h4><\/div>\n\n\n\n<div class=\"wp-block-uagb-advanced-heading uagb-block-67f2e3da\"><p class=\"uagb-heading-text\">-Administration and organization<br>-Customer advice<br>-Support of the web application<br>-List maintenance<\/p><\/div>\n<\/div>\n<\/div><\/div>\n\n\n\n<div class=\"wp-block-uagb-container uagb-block-5c13b964 alignfull uagb-is-root-container\"><div class=\"uagb-container-inner-blocks-wrap\">\n<div class=\"wp-block-uagb-container uagb-block-061d9a29\">\n<div class=\"wp-block-uagb-advanced-heading uagb-block-93e41ae2\"><h4 class=\"uagb-heading-text\">Esra Keskin<\/h4><\/div>\n\n\n\n<div class=\"wp-block-uagb-advanced-heading uagb-block-92b2a832\"><p class=\"uagb-heading-text\">-Administration and organization<br>-Customer advice<br>-Support of the web application<br>-List maintenance<br>-\u00d6IF-certified DaF\/DaZ trainer<br>-Bachelor of Arts, German Philology<br>Examiner of German language levels A2 and B1 on behalf of the \u00d6IF<\/p><\/div>\n<\/div>\n\n\n\n<div class=\"wp-block-uagb-container uagb-block-342c8ea6\">\n<div class=\"wp-block-uagb-advanced-heading uagb-block-b50d8bea\"><h4 class=\"uagb-heading-text\">Anna Repkova<\/h4><\/div>\n\n\n\n<div class=\"wp-block-uagb-advanced-heading uagb-block-7501c580\"><p class=\"uagb-heading-text\">-Childcare worker<\/p><\/div>\n<\/div>\n<\/div><\/div>\n\n\n\n<div class=\"wp-block-uagb-container uagb-block-6e62476d alignfull uagb-is-root-container\"><div class=\"uagb-container-inner-blocks-wrap\">\n<div class=\"wp-block-uagb-container uagb-block-cb1bba6e\"><\/div>\n<\/div><\/div>\n<\/div><\/div>","protected":false},"excerpt":{"rendered":"<p>Our trainers Managing Director, Ingrid Ledl -Qualified life and social counselor-Job agent-Drugstore clerk-Training as an animal-assisted therapist (TAT)-Training as a German as a foreign language\/German as a second language trainer-Workshop on imparting knowledge of values \u200b\u200band orientation in accordance with the \u00d6IF-Workshop on gender and diversity Lamija Krako -Administration &amp; Organization-\u00d6IF-certified DaF\/DaZ trainer-Studied German language [&hellip;]<\/p>","protected":false},"author":1,"featured_media":0,"parent":2629,"menu_order":1,"comment_status":"closed","ping_status":"closed","template":"","meta":{"_uag_custom_page_level_css":"","site-sidebar-layout":"default","site-content-layout":"","ast-site-content-layout":"default","site-content-style":"default","site-sidebar-style":"default","ast-global-header-display":"","ast-banner-title-visibility":"","ast-main-header-display":"","ast-hfb-above-header-display":"","ast-hfb-below-header-display":"","ast-hfb-mobile-header-display":"","site-post-title":"disabled","ast-breadcrumbs-content":"","ast-featured-img":"","footer-sml-layout":"","ast-disable-related-posts":"","theme-transparent-header-meta":"","adv-header-id-meta":"","stick-header-meta":"","header-above-stick-meta":"","header-main-stick-meta":"","header-below-stick-meta":"","astra-migrate-meta-layouts":"default","ast-page-background-enabled":"default","ast-page-background-meta":{"desktop":{"background-color":"var(--ast-global-color-4)","background-image":"","background-repeat":"repeat","background-position":"center center","background-size":"auto","background-attachment":"scroll","background-type":"","background-media":"","overlay-type":"","overlay-color":"","overlay-opacity":"","overlay-gradient":""},"tablet":{"background-color":"","background-image":"","background-repeat":"repeat","background-position":"center center","background-size":"auto","background-attachment":"scroll","background-type":"","background-media":"","overlay-type":"","overlay-color":"","overlay-opacity":"","overlay-gradient":""},"mobile":{"background-color":"","background-image":"","background-repeat":"repeat","background-position":"center center","background-size":"auto","background-attachment":"scroll","background-type":"","background-media":"","overlay-type":"","overlay-color":"","overlay-opacity":"","overlay-gradient":""}},"ast-content-background-meta":{"desktop":{"background-color":"var(--ast-global-color-5)","background-image":"","background-repeat":"repeat","background-position":"center center","background-size":"auto","background-attachment":"scroll","background-type":"","background-media":"","overlay-type":"","overlay-color":"","overlay-opacity":"","overlay-gradient":""},"tablet":{"background-color":"var(--ast-global-color-5)","background-image":"","background-repeat":"repeat","background-position":"center center","background-size":"auto","background-attachment":"scroll","background-type":"","background-media":"","overlay-type":"","overlay-color":"","overlay-opacity":"","overlay-gradient":""},"mobile":{"background-color":"var(--ast-global-color-5)","background-image":"","background-repeat":"repeat","background-position":"center center","background-size":"auto","background-attachment":"scroll","background-type":"","background-media":"","overlay-type":"","overlay-color":"","overlay-opacity":"","overlay-gradient":""}},"_themeisle_gutenberg_block_has_review":false,"footnotes":""},"class_list":["post-2630","page","type-page","status-publish","hentry"],"uagb_featured_image_src":{"full":false,"thumbnail":false,"medium":false,"medium_large":false,"large":false,"1536x1536":false,"2048x2048":false,"trp-custom-language-flag":false},"uagb_author_info":{"display_name":"admin","author_link":"https:\/\/teamledl.at\/en\/author\/admin\/"},"uagb_comment_info":0,"uagb_excerpt":"Our trainers Managing Director, Ingrid Ledl -Qualified life and social counselor-Job agent-Drugstore clerk-Training as an animal-assisted therapist (TAT)-Training as a German as a foreign language\/German as a second language trainer-Workshop on imparting knowledge of values \u200b\u200band orientation in accordance with the \u00d6IF-Workshop on gender and diversity Lamija Krako -Administration &amp; Organization-\u00d6IF-certified DaF\/DaZ trainer-Studied German language&hellip;","_links":{"self":[{"href":"https:\/\/teamledl.at\/en\/wp-json\/wp\/v2\/pages\/2630","targetHints":{"allow":["GET"]}}],"collection":[{"href":"https:\/\/teamledl.at\/en\/wp-json\/wp\/v2\/pages"}],"about":[{"href":"https:\/\/teamledl.at\/en\/wp-json\/wp\/v2\/types\/page"}],"author":[{"embeddable":true,"href":"https:\/\/teamledl.at\/en\/wp-json\/wp\/v2\/users\/1"}],"replies":[{"embeddable":true,"href":"https:\/\/teamledl.at\/en\/wp-json\/wp\/v2\/comments?post=2630"}],"version-history":[{"count":3,"href":"https:\/\/teamledl.at\/en\/wp-json\/wp\/v2\/pages\/2630\/revisions"}],"predecessor-version":[{"id":2724,"href":"https:\/\/teamledl.at\/en\/wp-json\/wp\/v2\/pages\/2630\/revisions\/2724"}],"up":[{"embeddable":true,"href":"https:\/\/teamledl.at\/en\/wp-json\/wp\/v2\/pages\/2629"}],"wp:attachment":[{"href":"https:\/\/teamledl.at\/en\/wp-json\/wp\/v2\/media?parent=2630"}],"curies":[{"name":"wp","href":"https:\/\/api.w.org\/{rel}","templated":true}]}}