{"id":2631,"date":"2024-11-05T20:28:20","date_gmt":"2024-11-05T19:28:20","guid":{"rendered":"https:\/\/teamledl.at\/?page_id=2631"},"modified":"2024-11-05T20:28:20","modified_gmt":"2024-11-05T19:28:20","slug":"kontakt-za-pripremni-kurs","status":"publish","type":"page","link":"https:\/\/teamledl.at\/sr\/kontakt-za-pripremni-kurs\/","title":{"rendered":"Kontakt za pripremni kurs"},"content":{"rendered":"\n<div class=\"wp-block-uagb-container uagb-block-1ececc70 alignfull uagb-is-root-container\">\n<div class=\"wp-block-uagb-container uagb-block-ac3334db\">\n<div class=\"wp-block-uagb-advanced-heading uagb-block-9866d22f\"><h1 class=\"uagb-heading-text\">Vorbereitungskurse kontakt<\/h1><\/div>\n<\/div>\n<\/div>\n\n\n\n<div class=\"wp-block-uagb-container uagb-block-fe99f9e4 alignfull uagb-is-root-container\"><div class=\"uagb-container-inner-blocks-wrap\">\n<div class=\"wp-block-uagb-container ticss-8411f8a2 uagb-block-1e109767 alignfull uagb-is-root-container\"><div class=\"uagb-container-inner-blocks-wrap\"><style id=\"wpforms-css-vars-root\">\n\t\t\t\t:root {\n\t\t\t\t\t--wpforms-field-border-radius: 3px;\n--wpforms-field-border-style: solid;\n--wpforms-field-border-size: 1px;\n--wpforms-field-background-color: #ffffff;\n--wpforms-field-border-color: rgba( 0, 0, 0, 0.25 );\n--wpforms-field-border-color-spare: rgba( 0, 0, 0, 0.25 );\n--wpforms-field-text-color: rgba( 0, 0, 0, 0.7 );\n--wpforms-field-menu-color: #ffffff;\n--wpforms-label-color: rgba( 0, 0, 0, 0.85 );\n--wpforms-label-sublabel-color: rgba( 0, 0, 0, 0.55 );\n--wpforms-label-error-color: #d63637;\n--wpforms-button-border-radius: 3px;\n--wpforms-button-border-style: none;\n--wpforms-button-border-size: 1px;\n--wpforms-button-background-color: #066aab;\n--wpforms-button-border-color: #066aab;\n--wpforms-button-text-color: #ffffff;\n--wpforms-page-break-color: #066aab;\n--wpforms-background-image: none;\n--wpforms-background-position: center center;\n--wpforms-background-repeat: no-repeat;\n--wpforms-background-size: cover;\n--wpforms-background-width: 100px;\n--wpforms-background-height: 100px;\n--wpforms-background-color: rgba( 0, 0, 0, 0 );\n--wpforms-background-url: none;\n--wpforms-container-padding: 0px;\n--wpforms-container-border-style: none;\n--wpforms-container-border-width: 1px;\n--wpforms-container-border-color: #000000;\n--wpforms-container-border-radius: 3px;\n--wpforms-field-size-input-height: 43px;\n--wpforms-field-size-input-spacing: 15px;\n--wpforms-field-size-font-size: 16px;\n--wpforms-field-size-line-height: 19px;\n--wpforms-field-size-padding-h: 14px;\n--wpforms-field-size-checkbox-size: 16px;\n--wpforms-field-size-sublabel-spacing: 5px;\n--wpforms-field-size-icon-size: 1;\n--wpforms-label-size-font-size: 16px;\n--wpforms-label-size-line-height: 19px;\n--wpforms-label-size-sublabel-font-size: 14px;\n--wpforms-label-size-sublabel-line-height: 17px;\n--wpforms-button-size-font-size: 17px;\n--wpforms-button-size-height: 41px;\n--wpforms-button-size-padding-h: 15px;\n--wpforms-button-size-margin-top: 10px;\n--wpforms-container-shadow-size-box-shadow: none;\n\n\t\t\t\t}\n\t\t\t<\/style><style id=\"wpforms-css-vars-2222-block-6dd33cff-fc8d-42f4-a58a-3d728e51ba89\">\n\t\t\t\t#wpforms-2222.wpforms-block-6dd33cff-fc8d-42f4-a58a-3d728e51ba89 {\n\t\t\t\t\t--wpforms-label-color: #ffffff;\n--wpforms-button-background-color: #45ac34;\n\n\t\t\t\t}\n\t\t\t<\/style><div class=\"wpforms-container wpforms-container-full wpforms-stripe wpforms-block wpforms-block-6dd33cff-fc8d-42f4-a58a-3d728e51ba89 deutschekurse-form wpforms-render-modern\" id=\"wpforms-2222\"><form id=\"wpforms-form-2222\" class=\"wpforms-validate wpforms-form wpforms-ajax-form\" data-formid=\"2222\" method=\"post\" enctype=\"multipart\/form-data\" action=\"\/sr\/wp-json\/wp\/v2\/pages\/2631?wpforms_form_id=2222\" data-token=\"1e51ba574d0469a94497f78a425c2b10\" data-token-time=\"1776237642\"><noscript class=\"wpforms-error-noscript\">Please enable JavaScript in your browser to complete this form.<\/noscript><div class=\"wpforms-hidden\" id=\"wpforms-error-noscript\">Please enable JavaScript in your browser to complete this form.<\/div><div class=\"wpforms-field-container\"><div id=\"wpforms-2222-field_1-container\" class=\"wpforms-field wpforms-field-content deutschekurs-text deutschekurse-form\" data-field-type=\"content\" data-field-id=\"1\"><div id=\"wpforms-2222-field_1\" class=\"wpforms-field-medium wpforms-field-row\" aria-errormessage=\"wpforms-2222-field_1-error\"><h4>Bitte geben Sie Ihre pers\u00f6nlichen Daten f\u00fcr die Kursanmeldung zum gew\u00e4hlten Termin ein<\/h4>\n<p>&nbsp;<\/p>\n<h4><span style=\"color: #ffffff\" class=\"OYPEnA text-decoration-none text-strikethrough-none\">Sie melden sich f\u00fcr den Kurs Vorbereitungskurse A1-B2 an<\/span><\/h4>\n<div class=\"wpforms-field-content-display-frontend-clear\"><\/div><\/div><\/div><div id=\"wpforms-2222-field_16-container\" class=\"wpforms-field wpforms-field-text wpf-disable-field vorbereitungskurse-datum deutschekurse-form wpforms-conditional-trigger\" data-field-type=\"text\" data-field-id=\"16\"><label class=\"wpforms-field-label\" for=\"wpforms-2222-field_16\">Datum: <span class=\"wpforms-required-label\" aria-hidden=\"true\">*<\/span><\/label><input type=\"text\" id=\"wpforms-2222-field_16\" class=\"wpforms-field-large wpforms-field-required\" name=\"wpforms[fields][16]\" aria-errormessage=\"wpforms-2222-field_16-error\" required><\/div><div id=\"wpforms-2222-field_17-container\" class=\"wpforms-field wpforms-field-text wpf-disable-field vorbereitungskurse-kurse deutschekurse-form wpforms-conditional-trigger\" data-field-type=\"text\" data-field-id=\"17\"><label class=\"wpforms-field-label\" for=\"wpforms-2222-field_17\">Kurs: <span class=\"wpforms-required-label\" aria-hidden=\"true\">*<\/span><\/label><input type=\"text\" id=\"wpforms-2222-field_17\" class=\"wpforms-field-large wpforms-field-required\" name=\"wpforms[fields][17]\" aria-errormessage=\"wpforms-2222-field_17-error\" required><\/div><div id=\"wpforms-2222-field_2-container\" class=\"wpforms-field wpforms-field-radio deutschekurs-anrede\" data-field-type=\"radio\" data-field-id=\"2\"><fieldset><legend class=\"wpforms-field-label\">Anrede <span class=\"wpforms-required-label\" aria-hidden=\"true\">*<\/span><\/legend><ul id=\"wpforms-2222-field_2\" class=\"wpforms-field-required\"><li class=\"choice-1 depth-1\"><input type=\"radio\" id=\"wpforms-2222-field_2_1\" name=\"wpforms[fields][2]\" value=\"Herr\" aria-errormessage=\"wpforms-2222-field_2_1-error\" required ><label class=\"wpforms-field-label-inline\" for=\"wpforms-2222-field_2_1\">Herr<\/label><\/li><li class=\"choice-2 depth-1\"><input type=\"radio\" id=\"wpforms-2222-field_2_2\" name=\"wpforms[fields][2]\" value=\"Frau\" aria-errormessage=\"wpforms-2222-field_2_2-error\" required ><label class=\"wpforms-field-label-inline\" for=\"wpforms-2222-field_2_2\">Frau<\/label><\/li><\/ul><\/fieldset><\/div><div id=\"wpforms-2222-field_3-container\" class=\"wpforms-field wpforms-field-name deutschekurs-name deutschekurse-form\" data-field-type=\"name\" data-field-id=\"3\"><label class=\"wpforms-field-label wpforms-label-hide\" for=\"wpforms-2222-field_3\" aria-hidden=\"false\">Name: <span class=\"wpforms-required-label\" aria-hidden=\"true\">*<\/span><\/label><input type=\"text\" id=\"wpforms-2222-field_3\" class=\"wpforms-field-large wpforms-field-required\" name=\"wpforms[fields][3]\" placeholder=\"Vorname, Familiename\" aria-errormessage=\"wpforms-2222-field_3-error\" required><\/div><div id=\"wpforms-2222-field_20-container\" class=\"wpforms-field wpforms-field-text deutschekurse-form\" data-field-type=\"text\" data-field-id=\"20\"><label class=\"wpforms-field-label wpforms-label-hide\" for=\"wpforms-2222-field_20\" aria-hidden=\"false\">Geburtsdatum: <span class=\"wpforms-required-label\" aria-hidden=\"true\">*<\/span><\/label><input type=\"text\" id=\"wpforms-2222-field_20\" class=\"wpforms-field-large wpforms-field-required wpforms-masked-input\" data-rule-inputmask-incomplete=\"1\" data-inputmask-alias=\"datetime\" data-inputmask-inputformat=\"dd\/mm\/yyyy\" data-inputmask-inputmode=\"numeric\" name=\"wpforms[fields][20]\" placeholder=\"Geburtsdatum\" aria-errormessage=\"wpforms-2222-field_20-error\" required><\/div><div id=\"wpforms-2222-field_4-container\" class=\"wpforms-field wpforms-field-email deutschekurs-email deutschekurse-form\" data-field-type=\"email\" data-field-id=\"4\"><label class=\"wpforms-field-label wpforms-label-hide\" for=\"wpforms-2222-field_4\" aria-hidden=\"false\">Email: <span class=\"wpforms-required-label\" aria-hidden=\"true\">*<\/span><\/label><input type=\"email\" id=\"wpforms-2222-field_4\" class=\"wpforms-field-large wpforms-field-required\" name=\"wpforms[fields][4]\" placeholder=\"bespiel@email.com\" spellcheck=\"false\" aria-errormessage=\"wpforms-2222-field_4-error\" required><\/div><div id=\"wpforms-2222-field_5-container\" class=\"wpforms-field wpforms-field-phone deutschekurs-phone deutschekurse-form\" data-field-type=\"phone\" data-field-id=\"5\"><label class=\"wpforms-field-label wpforms-label-hide\" for=\"wpforms-2222-field_5\" aria-hidden=\"false\">Phone: <span class=\"wpforms-required-label\" aria-hidden=\"true\">*<\/span><\/label><input type=\"tel\" id=\"wpforms-2222-field_5\" class=\"wpforms-field-large wpforms-field-required wpforms-smart-phone-field\" data-rule-smart-phone-field=\"true\" name=\"wpforms[fields][5]\" placeholder=\"+43 123456789\" aria-label=\"Phone:\" aria-errormessage=\"wpforms-2222-field_5-error\" required><\/div><div id=\"wpforms-2222-field_19-container\" class=\"wpforms-field wpforms-field-address deutschekurse-form\" data-field-type=\"address\" data-field-id=\"19\"><fieldset><legend class=\"wpforms-field-label wpforms-label-hide\" aria-hidden=\"false\">Address:<\/legend><div class=\"wpforms-field-row wpforms-field-large\"><div ><input type=\"text\" id=\"wpforms-2222-field_19\" class=\"wpforms-field-address-address1\" name=\"wpforms[fields][19][address1]\" placeholder=\"Adresse\" aria-errormessage=\"wpforms-2222-field_19-error\" ><label for=\"wpforms-2222-field_19\" class=\"wpforms-field-sublabel after wpforms-sublabel-hide\">Address Line 1<\/label><\/div><\/div><div class=\"wpforms-field-row wpforms-field-large\"><div class=\"wpforms-field-row-block wpforms-one-half wpforms-first\"><input type=\"text\" id=\"wpforms-2222-field_19-city\" class=\"wpforms-field-address-city\" name=\"wpforms[fields][19][city]\" value=\"Wien\" placeholder=\"Stdat\" aria-errormessage=\"wpforms-2222-field_19-city-error\" ><label for=\"wpforms-2222-field_19-city\" class=\"wpforms-field-sublabel after wpforms-sublabel-hide\">City<\/label><\/div><div class=\"wpforms-field-row-block wpforms-one-half\"><input type=\"text\" id=\"wpforms-2222-field_19-state\" class=\"wpforms-field-address-state\" name=\"wpforms[fields][19][state]\" placeholder=\"Bundesland\/Provinz\/Region\" aria-errormessage=\"wpforms-2222-field_19-state-error\" ><label for=\"wpforms-2222-field_19-state\" class=\"wpforms-field-sublabel after wpforms-sublabel-hide\">State \/ Province \/ Region<\/label><\/div><\/div><div class=\"wpforms-field-row wpforms-field-large\"><div class=\"wpforms-field-row-block wpforms-one-half wpforms-first\"><input type=\"text\" id=\"wpforms-2222-field_19-postal\" class=\"wpforms-field-address-postal\" name=\"wpforms[fields][19][postal]\" placeholder=\"PLZ\" aria-errormessage=\"wpforms-2222-field_19-postal-error\" ><label for=\"wpforms-2222-field_19-postal\" class=\"wpforms-field-sublabel after wpforms-sublabel-hide\">Postal Code<\/label><\/div><\/div><\/fieldset><\/div><div id=\"wpforms-2222-field_21-container\" class=\"wpforms-field wpforms-field-file-upload deutschekurse-form\" data-field-type=\"file-upload\" data-field-id=\"21\"><label class=\"wpforms-field-label\" for=\"wpforms-2222-field_21\">Bitte laden Sie hier Ihren gescannten Personalausweis hoch <span class=\"wpforms-required-label\" aria-hidden=\"true\">*<\/span><\/label><div\n\t\tclass=\"wpforms-uploader\"\n\t\tdata-field-id=\"21\"\n\t\tdata-form-id=\"2222\"\n\t\tdata-input-name=\"wpforms_2222_21\"\n\t\tdata-extensions=\"pdf,jpg,jpeg,png\"\n\t\tdata-max-size=\"2147483648\"\n\t\tdata-max-file-number=\"1\"\n\t\tdata-post-max-size=\"2147483648\"\n\t\tdata-max-parallel-uploads=\"4\"\n\t\tdata-parallel-uploads=\"true\"\n\t\tdata-file-chunk-size=\"2097152\">\n\t<div class=\"dz-message\">\n\t\t<svg viewBox=\"0 0 1024 1024\" focusable=\"false\" data-icon=\"inbox\" width=\"50px\" height=\"50px\" fill=\"currentColor\" aria-hidden=\"true\">\n\t\t\t<path d=\"M885.2 446.3l-.2-.8-112.2-285.1c-5-16.1-19.9-27.2-36.8-27.2H281.2c-17 0-32.1 11.3-36.9 27.6L139.4 443l-.3.7-.2.8c-1.3 4.9-1.7 9.9-1 14.8-.1 1.6-.2 3.2-.2 4.8V830a60.9 60.9 0 0 0 60.8 60.8h627.2c33.5 0 60.8-27.3 60.9-60.8V464.1c0-1.3 0-2.6-.1-3.7.4-4.9 0-9.6-1.3-14.1zm-295.8-43l-.3 15.7c-.8 44.9-31.8 75.1-77.1 75.1-22.1 0-41.1-7.1-54.8-20.6S436 441.2 435.6 419l-.3-15.7H229.5L309 210h399.2l81.7 193.3H589.4zm-375 76.8h157.3c24.3 57.1 76 90.8 140.4 90.8 33.7 0 65-9.4 90.3-27.2 22.2-15.6 39.5-37.4 50.7-63.6h156.5V814H214.4V480.1z\"><\/path>\n\t\t<\/svg>\n\t\t<span class=\"modern-title\">Click or drag a file to this area to upload.<\/span>\n\n\t\t\t<\/div>\n<\/div>\n<input\n\t\ttype=\"text\"\n\t\tautocomplete=\"off\"\n\t\treadonly\n\t\tclass=\"dropzone-input\"\n\t\tstyle=\"position:absolute!important;clip:rect(0,0,0,0)!important;height:1px!important;width:1px!important;border:0!important;overflow:hidden!important;padding:0!important;margin:0!important;\"\n\t\tid=\"wpforms-2222-field_21\"\n\t\tname=\"wpforms_2222_21\" required\t\tvalue=\"\">\n<\/div><div id=\"wpforms-2222-field_14-container\" class=\"wpforms-field wpforms-field-payment-single deutschekurse-form vorbereitungskurse-preis wpforms-conditional-field wpforms-conditional-show\" data-field-type=\"payment-single\" data-field-id=\"14\" style=\"display:none;\"><label class=\"wpforms-field-label\">Kurs Preis: <span class=\"wpforms-required-label\" aria-hidden=\"true\">*<\/span><\/label><div class=\"wpforms-single-item-price-content\"><div class=\"wpforms-single-item-price wpforms-field-medium wpforms-field-required wpforms-payment-price\">Price: <span class=\"wpforms-price\">210,00 &euro;<\/span><\/div><\/div><input type=\"hidden\" id=\"wpforms-2222-field_14\" class=\"wpforms-field-medium wpforms-field-required wpforms-payment-price\" data-rule-required-positive-number=\"1\" name=\"wpforms[fields][14]\" value=\"210,00 &euro;\"><\/div><div id=\"wpforms-2222-field_18-container\" class=\"wpforms-field wpforms-field-payment-single deutschekurse-form wpforms-conditional-field wpforms-conditional-hide\" data-field-type=\"payment-single\" data-field-id=\"18\"><label class=\"wpforms-field-label\">Kurs Preis: <span class=\"wpforms-required-label\" aria-hidden=\"true\">*<\/span><\/label><div class=\"wpforms-single-item-price-content\"><div class=\"wpforms-single-item-price wpforms-field-medium wpforms-field-required wpforms-payment-price\">Price: <span class=\"wpforms-price\">190,00 &euro;<\/span><\/div><\/div><input type=\"hidden\" id=\"wpforms-2222-field_18\" class=\"wpforms-field-medium wpforms-field-required wpforms-payment-price\" data-rule-required-positive-number=\"1\" name=\"wpforms[fields][18]\" value=\"190,00 &euro;\"><\/div><div id=\"wpforms-2222-field_13-container\" class=\"wpforms-field wpforms-field-stripe-credit-card\" data-field-type=\"stripe-credit-card\" data-field-id=\"13\"><label class=\"wpforms-field-label\">Kreditkarte <span class=\"wpforms-required-label\" aria-hidden=\"true\">*<\/span><\/label><div class=\"wpforms-field-row wpforms-no-columns wpforms-field-large wpforms-sublabel-hide\" data-sublabel-position=\"floating\" data-link-email=\"\" data-required=\"1\"><div id=\"wpforms-field-stripe-link-element-2222\"><\/div><div id=\"wpforms-field-stripe-payment-element-2222\"><\/div><input type=\"text\" class=\"wpforms-stripe-credit-card-hidden-input\" name=\"wpforms[stripe-credit-card-hidden-input-2222]\" disabled style=\"display: none;\"><\/div><\/div><\/div><!-- .wpforms-field-container --><div class=\"wpforms-recaptcha-container wpforms-is-recaptcha wpforms-is-recaptcha-type-invisible\" ><div class=\"g-recaptcha\" data-sitekey=\"6LcE3DUqAAAAAFq0RJXzhBxtN7fxfvHAgPMBchLA\" data-badge=\"inline\" data-size=\"invisible\"><\/div><\/div><div class=\"wpforms-submit-container\" ><input type=\"hidden\" name=\"wpforms[id]\" value=\"2222\"><input type=\"hidden\" name=\"page_title\" value=\"\"><input type=\"hidden\" name=\"page_url\" value=\"https:\/\/teamledl.at\/sr\/wp-json\/wp\/v2\/pages\/2631\"><button type=\"submit\" name=\"wpforms[submit]\" id=\"wpforms-submit-2222\" class=\"wpforms-submit deutschekurse-buttom\" data-alt-text=\"Versendung...\" data-submit-text=\"Jetzt Buchen\" aria-live=\"assertive\" value=\"wpforms-submit\">Jetzt Buchen<\/button><img decoding=\"async\" src=\"https:\/\/teamledl.at\/wp-content\/plugins\/wpforms\/assets\/images\/submit-spin.svg\" class=\"wpforms-submit-spinner\" style=\"display: none;\" width=\"26\" height=\"26\" alt=\"Loading\"><\/div><\/form><\/div>  <!-- .wpforms-container --><\/div><\/div>\n<\/div><\/div>\n","protected":false},"excerpt":{"rendered":"<p>Vorbereitungskurse kontakt<\/p>","protected":false},"author":1,"featured_media":0,"parent":0,"menu_order":0,"comment_status":"closed","ping_status":"closed","template":"","meta":{"_uag_custom_page_level_css":"","site-sidebar-layout":"default","site-content-layout":"","ast-site-content-layout":"default","site-content-style":"default","site-sidebar-style":"default","ast-global-header-display":"","ast-banner-title-visibility":"","ast-main-header-display":"","ast-hfb-above-header-display":"","ast-hfb-below-header-display":"","ast-hfb-mobile-header-display":"","site-post-title":"disabled","ast-breadcrumbs-content":"","ast-featured-img":"","footer-sml-layout":"","ast-disable-related-posts":"","theme-transparent-header-meta":"","adv-header-id-meta":"","stick-header-meta":"","header-above-stick-meta":"","header-main-stick-meta":"","header-below-stick-meta":"","astra-migrate-meta-layouts":"default","ast-page-background-enabled":"default","ast-page-background-meta":{"desktop":{"background-color":"var(--ast-global-color-4)","background-image":"","background-repeat":"repeat","background-position":"center center","background-size":"auto","background-attachment":"scroll","background-type":"","background-media":"","overlay-type":"","overlay-color":"","overlay-opacity":"","overlay-gradient":""},"tablet":{"background-color":"","background-image":"","background-repeat":"repeat","background-position":"center center","background-size":"auto","background-attachment":"scroll","background-type":"","background-media":"","overlay-type":"","overlay-color":"","overlay-opacity":"","overlay-gradient":""},"mobile":{"background-color":"","background-image":"","background-repeat":"repeat","background-position":"center center","background-size":"auto","background-attachment":"scroll","background-type":"","background-media":"","overlay-type":"","overlay-color":"","overlay-opacity":"","overlay-gradient":""}},"ast-content-background-meta":{"desktop":{"background-color":"var(--ast-global-color-5)","background-image":"","background-repeat":"repeat","background-position":"center center","background-size":"auto","background-attachment":"scroll","background-type":"","background-media":"","overlay-type":"","overlay-color":"","overlay-opacity":"","overlay-gradient":""},"tablet":{"background-color":"var(--ast-global-color-5)","background-image":"","background-repeat":"repeat","background-position":"center center","background-size":"auto","background-attachment":"scroll","background-type":"","background-media":"","overlay-type":"","overlay-color":"","overlay-opacity":"","overlay-gradient":""},"mobile":{"background-color":"var(--ast-global-color-5)","background-image":"","background-repeat":"repeat","background-position":"center center","background-size":"auto","background-attachment":"scroll","background-type":"","background-media":"","overlay-type":"","overlay-color":"","overlay-opacity":"","overlay-gradient":""}},"_themeisle_gutenberg_block_has_review":false,"footnotes":""},"class_list":["post-2631","page","type-page","status-publish","hentry"],"uagb_featured_image_src":{"full":false,"thumbnail":false,"medium":false,"medium_large":false,"large":false,"1536x1536":false,"2048x2048":false,"trp-custom-language-flag":false},"uagb_author_info":{"display_name":"admin","author_link":"https:\/\/teamledl.at\/sr\/author\/admin\/"},"uagb_comment_info":0,"uagb_excerpt":"Vorbereitungskurse kontakt","_links":{"self":[{"href":"https:\/\/teamledl.at\/sr\/wp-json\/wp\/v2\/pages\/2631","targetHints":{"allow":["GET"]}}],"collection":[{"href":"https:\/\/teamledl.at\/sr\/wp-json\/wp\/v2\/pages"}],"about":[{"href":"https:\/\/teamledl.at\/sr\/wp-json\/wp\/v2\/types\/page"}],"author":[{"embeddable":true,"href":"https:\/\/teamledl.at\/sr\/wp-json\/wp\/v2\/users\/1"}],"replies":[{"embeddable":true,"href":"https:\/\/teamledl.at\/sr\/wp-json\/wp\/v2\/comments?post=2631"}],"version-history":[{"count":1,"href":"https:\/\/teamledl.at\/sr\/wp-json\/wp\/v2\/pages\/2631\/revisions"}],"predecessor-version":[{"id":3222,"href":"https:\/\/teamledl.at\/sr\/wp-json\/wp\/v2\/pages\/2631\/revisions\/3222"}],"wp:attachment":[{"href":"https:\/\/teamledl.at\/sr\/wp-json\/wp\/v2\/media?parent=2631"}],"curies":[{"name":"wp","href":"https:\/\/api.w.org\/{rel}","templated":true}]}}