{"id":3153,"date":"2024-11-05T20:28:21","date_gmt":"2024-11-05T19:28:21","guid":{"rendered":"https:\/\/teamledl.at\/?page_id=3153"},"modified":"2024-11-05T20:28:21","modified_gmt":"2024-11-05T19:28:21","slug":"o-nama","status":"publish","type":"page","link":"https:\/\/teamledl.at\/sr\/o-nama\/","title":{"rendered":"O nama"},"content":{"rendered":"<div class=\"wp-block-uagb-container uagb-block-1c76e97b alignfull uagb-is-root-container\">\n<div class=\"wp-block-uagb-container uagb-block-df2dcdef\">\n<div class=\"wp-block-uagb-advanced-heading uagb-block-a91a2455\"><h3 class=\"uagb-heading-text\">O nama<\/h3><\/div>\n\n\n\n<div class=\"wp-block-uagb-advanced-heading uagb-block-b67aec82\"><p class=\"uagb-heading-text\">Nudimo dalju obuku vezanu za profesionalnu i li\u010dnu osobu sa kou\u010dingom, kursevima nema\u010dkog i integracijskim kursevima, e-u\u010denjem i podu\u010davanjem studenata.<br><br>Na\u0161 obrazovni program dostupan je i privatnim klijentima iu kontekstu politike tr\u017ei\u0161ta rada. Svojom ponudom obrac\u0301amo se brojnim ciljnim grupama: tra\u017eioci posla, imigranti, u\u010denici \u0161kola i svi ostali entuzijasti u\u010denja su dobrodo\u0161li.<\/p><\/div>\n\n\n\n<div class=\"wp-block-uagb-buttons uagb-buttons__outer-wrap uagb-btn__default-btn uagb-btn-tablet__default-btn uagb-btn-mobile__default-btn uagb-block-f24880a0\"><div class=\"uagb-buttons__wrap uagb-buttons-layout-wrap\">\n<div class=\"wp-block-uagb-buttons-child uagb-buttons__outer-wrap uagb-block-b129f4e4 wp-block-button\"><div class=\"uagb-button__wrapper\"><a class=\"uagb-buttons-repeater wp-block-button__link\" aria-label=\"\" href=\"\/sr\/deutschekurse\/\" rel=\"follow noopener\" target=\"_self\" role=\"button\"><div class=\"uagb-button__link\">Svi kursevi<\/div><\/a><\/div><\/div>\n\n\n\n<div class=\"wp-block-uagb-buttons-child uagb-buttons__outer-wrap uagb-block-238a8302 wp-block-button\"><div class=\"uagb-button__wrapper\"><a class=\"uagb-buttons-repeater wp-block-button__link\" aria-label=\"\" href=\"#uber-uns\" rel=\"follow noopener\" target=\"_self\" role=\"button\"><div class=\"uagb-button__link\">Vi\u0161e<\/div><\/a><\/div><\/div>\n<\/div><\/div>\n<\/div>\n\n\n\n<div class=\"wp-block-uagb-container uagb-block-801464e6\"><\/div>\n\n\n\n<div class=\"uagb-position__sticky wp-block-uagb-container uag-blocks-common-selector uagb-block-412a05ad default uagb-is-root-container\">      \n\t\t\t<div class=\"uagb-icon-wrapper uagb-block-7a2165ab\"\n\t\t\tstyle=\"\" >\n\t\t\t\t\t\t\t\t\t<span class=\"uagb-svg-wrapper\" \n\t\t\t\t\t aria-label=\"phone\"\t\t\t\t\ttabindex=\"0\">\t\t\n\t\t\t\t\t\t\t\t\t\t<a rel=\"noopener noreferrer\" href=\"tel:%20+43%20(0)%201%20890%2027%2009\" target=\"_self\"><svg xmlns=\"https:\/\/www.w3.org\/2000\/svg\" viewbox= \"0 0 512 512\" role=\"graphics-symbol\" aria-hidden=\"false\" aria-label=\"\"><path d=\"M511.2 387l-23.25 100.8c-3.266 14.25-15.79 24.22-30.46 24.22C205.2 512 0 306.8 0 54.5c0-14.66 9.969-27.2 24.22-30.45l100.8-23.25C139.7-2.602 154.7 5.018 160.8 18.92l46.52 108.5c5.438 12.78 1.77 27.67-8.98 36.45L144.5 207.1c33.98 69.22 90.26 125.5 159.5 159.5l44.08-53.8c8.688-10.78 23.69-14.51 36.47-8.975l108.5 46.51C506.1 357.2 514.6 372.4 511.2 387z\"><\/path><\/svg><\/a>\n\t\t\t\t\t\t\t\t\t<\/span>\n\t\t\t\t\t\t\t<\/div>\n\t\t\t\n\n      \n\t\t\t<div class=\"uagb-icon-wrapper uagb-block-c2792afa\"\n\t\t\tstyle=\"\" >\n\t\t\t\t\t\t\t\t\t<span class=\"uagb-svg-wrapper\" \n\t\t\t\t\t aria-label=\"envelope\"\t\t\t\t\ttabindex=\"0\">\t\t\n\t\t\t\t\t\t\t\t\t\t<a rel=\"noopener noreferrer\" href=\"mailto:%20office@teamledl.at\" target=\"_self\"><svg xmlns=\"https:\/\/www.w3.org\/2000\/svg\" viewbox= \"0 0 512 512\" role=\"graphics-symbol\" aria-hidden=\"false\" aria-label=\"\"><path d=\"M464 64C490.5 64 512 85.49 512 112C512 127.1 504.9 141.3 492.8 150.4L275.2 313.6C263.8 322.1 248.2 322.1 236.8 313.6L19.2 150.4C7.113 141.3 0 127.1 0 112C0 85.49 21.49 64 48 64H464zM217.6 339.2C240.4 356.3 271.6 356.3 294.4 339.2L512 176V384C512 419.3 483.3 448 448 448H64C28.65 448 0 419.3 0 384V176L217.6 339.2z\"><\/path><\/svg><\/a>\n\t\t\t\t\t\t\t\t\t<\/span>\n\t\t\t\t\t\t\t<\/div>\n\t\t\t<\/div>\n<\/div>\n\n\n\n<div id=\"uber-uns\" class=\"wp-block-uagb-container uagb-layout-flex uagb-block-8b5498e2 alignfull uagb-is-root-container\"><div class=\"uagb-container-inner-blocks-wrap\">\n<div class=\"wp-block-uagb-container uagb-block-c59f1b46 alignfull uagb-is-root-container\">\n<div class=\"wp-block-uagb-advanced-heading uagb-block-f4259da1\"><p class=\"uagb-heading-text\">Na\u0161 glavni zadatak je da prenesemo ve\u0161tine i tehni\u010dke sadr\u017eaje koji omoguc\u0301avaju pojedincima da aktivno u\u010destvuju u dru\u0161tvu i da se odupru zahtevima savremenog sveta.<br><br><strong>Nudimo dalju obuku vezanu za profesionalnu i li\u010dnu osobu sa kou\u010dingom, kursevima nema\u010dkog i integracijskim kursevima, e-u\u010denjem i podu\u010davanjem studenata.<\/strong><br><br>Na\u0161 obrazovni program dostupan je i privatnim klijentima iu kontekstu politike tr\u017ei\u0161ta rada. Svojom ponudom obrac\u0301amo se brojnim ciljnim grupama: tra\u017eioci posla, imigranti, u\u010denici \u0161kola i svi ostali entuzijasti u\u010denja su dobrodo\u0161li.<br><br>Zahvaljujuc\u0301i na\u0161em stru\u010dno obu\u010denom i stoga raznovrsnom osoblju, tako\u0111e smo u moguc\u0301nosti da ponudimo kurseve po meri na zahtev.<br><br><strong>Pozdravljamo i mali\u0161ane:<br><\/strong>Da bismo podr\u017eali na\u0161e klijente, nudimo celodnevnu brigu o deci bez starosnih ograni\u010denja.<\/p><\/div>\n<\/div>\n\n\n\n<div class=\"wp-block-uagb-container uagb-block-53a94b6a alignfull uagb-is-root-container\">\n<div class=\"wp-block-uagb-advanced-heading uagb-block-ed85285b\"><p class=\"uagb-heading-text\">Interkulturalnost, raznolikost i upravljanje raznovrsno\u0161c\u0301u u Timu Ledl<br><br><strong>Tim Ledl Institut<\/strong> pridaje veliki zna\u010daj razli\u010ditosti i interkulturalnosti.<br>Na\u0161i zaposleni dolaze iz razli\u010ditih multikulturalnih sredina, \u0161to zna\u010di da mo\u017eemo slu\u017eiti \u0161irokom spektru grupa za u\u010denje jezika. Na primer, nudimo sastanke na srpskom, hrvatskom, bosanskom, rumunskom, slova\u010dkom i naravno na engleskom jeziku.<br><br>Pored toga, na\u0161i zaposleni imaju razli\u010ditu akademsku pozadinu, \u0161to nam omoguc\u0301ava da kompetentno odgovaramo na pitanja o akademskim ciljevima, pitanjima obrazovanja i regulatornim pitanjima. Prilikom osmi\u0161ljavanja integracionih kurseva, svakog meseca nastojimo da promovi\u0161emo koheziju u heterogenim grupama i da defini\u0161emo zajedni\u010dke ciljeve kako bismo podr\u017eali uspe\u0161nu integraciju u Austriji. Nastojimo da sastavimo grupe za u\u010denje koje imaju sli\u010dne ciljeve kako bi u\u010desnici mogli da u\u010de jedni od drugih. Prilago\u0111avamo lekcije i domac\u0301e zadatke kako bismo osigurali da su relevantne teme pokrivene i obezbedili dodatni materijal. Pored toga, trudimo se da stvorimo podr\u0161ku i prijateljsku atmosferu.<br><br>U na\u0161em institutu se na jednom mestu okupljaju razli\u010dite ciljne grupe. Na primer, u\u010desnici <strong>AMS kursa<\/strong> \u010dekaju u istoj prostoriji kao i oni koji su se prijavili za <strong>kurs nema\u010dkog<\/strong> i razgovaraju jedni sa drugima. Sve u\u010desnike tretiramo podjednako.<br><br>Kada u grupi postoje ljudi sa vi\u0161im akademskim kvalifikacijama, podsti\u010demo ih da poma\u017eu drugima, na primer u grupnom radu i diskusijama. Ipak, svi \u010dlanovi grupe za u\u010denje te\u017ee istom cilju, na primer da nau\u010de nema\u010dki na nivou A2, radec\u0301i na temama kao \u0161to su stanovanje, zdravlje, kupovina itd. Na ovaj na\u010din obezbe\u0111ujemo da postoji pravi\u010dan balans ve\u0161tina izme\u0111u u\u010desnika.<br>Na na\u0161im \u010dasovima ravnopravno tretiramo mu\u0161karce i \u017eene i vodimo ra\u010duna da se uva\u017ee li\u010dnost i \u017eelje svakog polaznika.<\/p><\/div>\n\n\n\n<div class=\"wp-block-uagb-advanced-heading uagb-block-062d7a67\"><p class=\"uagb-heading-text\"><strong>U\u010dimo jedni sa drugima, jedni od drugih i u razmeni sa na\u0161im ciljnim grupama.<\/strong><\/p><\/div>\n<\/div>\n<\/div><\/div>","protected":false},"excerpt":{"rendered":"<p>O nama Nudimo dalju obuku vezanu za profesionalnu i li\u010dnu osobu sa kou\u010dingom, kursevima nema\u010dkog i integracijskim kursevima, e-u\u010denjem i podu\u010davanjem studenata. Na\u0161 obrazovni program dostupan je i privatnim klijentima iu kontekstu politike tr\u017ei\u0161ta rada. Svojom ponudom obrac\u0301amo se brojnim ciljnim grupama: tra\u017eioci posla, imigranti, u\u010denici \u0161kola i svi ostali entuzijasti u\u010denja su dobrodo\u0161li. Na\u0161 [&hellip;]<\/p>","protected":false},"author":1,"featured_media":0,"parent":0,"menu_order":0,"comment_status":"closed","ping_status":"closed","template":"","meta":{"_uag_custom_page_level_css":"","site-sidebar-layout":"default","site-content-layout":"","ast-site-content-layout":"default","site-content-style":"default","site-sidebar-style":"default","ast-global-header-display":"","ast-banner-title-visibility":"","ast-main-header-display":"","ast-hfb-above-header-display":"","ast-hfb-below-header-display":"","ast-hfb-mobile-header-display":"","site-post-title":"disabled","ast-breadcrumbs-content":"","ast-featured-img":"","footer-sml-layout":"","ast-disable-related-posts":"","theme-transparent-header-meta":"","adv-header-id-meta":"","stick-header-meta":"","header-above-stick-meta":"","header-main-stick-meta":"","header-below-stick-meta":"","astra-migrate-meta-layouts":"default","ast-page-background-enabled":"default","ast-page-background-meta":{"desktop":{"background-color":"var(--ast-global-color-4)","background-image":"","background-repeat":"repeat","background-position":"center center","background-size":"auto","background-attachment":"scroll","background-type":"","background-media":"","overlay-type":"","overlay-color":"","overlay-opacity":"","overlay-gradient":""},"tablet":{"background-color":"","background-image":"","background-repeat":"repeat","background-position":"center center","background-size":"auto","background-attachment":"scroll","background-type":"","background-media":"","overlay-type":"","overlay-color":"","overlay-opacity":"","overlay-gradient":""},"mobile":{"background-color":"","background-image":"","background-repeat":"repeat","background-position":"center center","background-size":"auto","background-attachment":"scroll","background-type":"","background-media":"","overlay-type":"","overlay-color":"","overlay-opacity":"","overlay-gradient":""}},"ast-content-background-meta":{"desktop":{"background-color":"var(--ast-global-color-5)","background-image":"","background-repeat":"repeat","background-position":"center center","background-size":"auto","background-attachment":"scroll","background-type":"","background-media":"","overlay-type":"","overlay-color":"","overlay-opacity":"","overlay-gradient":""},"tablet":{"background-color":"var(--ast-global-color-5)","background-image":"","background-repeat":"repeat","background-position":"center center","background-size":"auto","background-attachment":"scroll","background-type":"","background-media":"","overlay-type":"","overlay-color":"","overlay-opacity":"","overlay-gradient":""},"mobile":{"background-color":"var(--ast-global-color-5)","background-image":"","background-repeat":"repeat","background-position":"center center","background-size":"auto","background-attachment":"scroll","background-type":"","background-media":"","overlay-type":"","overlay-color":"","overlay-opacity":"","overlay-gradient":""}},"_themeisle_gutenberg_block_has_review":false,"footnotes":""},"class_list":["post-3153","page","type-page","status-publish","hentry"],"uagb_featured_image_src":{"full":false,"thumbnail":false,"medium":false,"medium_large":false,"large":false,"1536x1536":false,"2048x2048":false,"trp-custom-language-flag":false},"uagb_author_info":{"display_name":"admin","author_link":"https:\/\/teamledl.at\/sr\/author\/admin\/"},"uagb_comment_info":0,"uagb_excerpt":"O nama Nudimo dalju obuku vezanu za profesionalnu i li\u010dnu osobu sa kou\u010dingom, kursevima nema\u010dkog i integracijskim kursevima, e-u\u010denjem i podu\u010davanjem studenata. Na\u0161 obrazovni program dostupan je i privatnim klijentima iu kontekstu politike tr\u017ei\u0161ta rada. Svojom ponudom obrac\u0301amo se brojnim ciljnim grupama: tra\u017eioci posla, imigranti, u\u010denici \u0161kola i svi ostali entuzijasti u\u010denja su dobrodo\u0161li. Na\u0161&hellip;","_links":{"self":[{"href":"https:\/\/teamledl.at\/sr\/wp-json\/wp\/v2\/pages\/3153","targetHints":{"allow":["GET"]}}],"collection":[{"href":"https:\/\/teamledl.at\/sr\/wp-json\/wp\/v2\/pages"}],"about":[{"href":"https:\/\/teamledl.at\/sr\/wp-json\/wp\/v2\/types\/page"}],"author":[{"embeddable":true,"href":"https:\/\/teamledl.at\/sr\/wp-json\/wp\/v2\/users\/1"}],"replies":[{"embeddable":true,"href":"https:\/\/teamledl.at\/sr\/wp-json\/wp\/v2\/comments?post=3153"}],"version-history":[{"count":2,"href":"https:\/\/teamledl.at\/sr\/wp-json\/wp\/v2\/pages\/3153\/revisions"}],"predecessor-version":[{"id":3156,"href":"https:\/\/teamledl.at\/sr\/wp-json\/wp\/v2\/pages\/3153\/revisions\/3156"}],"wp:attachment":[{"href":"https:\/\/teamledl.at\/sr\/wp-json\/wp\/v2\/media?parent=3153"}],"curies":[{"name":"wp","href":"https:\/\/api.w.org\/{rel}","templated":true}]}}