{"id":3157,"date":"2024-11-05T20:28:21","date_gmt":"2024-11-05T19:28:21","guid":{"rendered":"https:\/\/teamledl.at\/?page_id=3157"},"modified":"2024-11-06T08:40:44","modified_gmt":"2024-11-06T07:40:44","slug":"tim","status":"publish","type":"page","link":"https:\/\/teamledl.at\/sr\/o-nama\/tim\/","title":{"rendered":"Tim"},"content":{"rendered":"<div class=\"wp-block-uagb-container uagb-block-1ececc70 alignfull uagb-is-root-container\">\n<div class=\"wp-block-uagb-container uagb-block-ac3334db\">\n<div class=\"wp-block-uagb-advanced-heading uagb-block-9866d22f\"><h2 class=\"uagb-heading-text\">Na\u0161i predava\u010di<\/h2><\/div>\n<\/div>\n\n\n\n<div class=\"uagb-position__sticky wp-block-uagb-container uag-blocks-common-selector uagb-block-f9499e20\">      \n\t\t\t<div class=\"uagb-icon-wrapper uagb-block-7a2165ab\"\n\t\t\tstyle=\"\" >\n\t\t\t\t\t\t\t\t\t<span class=\"uagb-svg-wrapper\" \n\t\t\t\t\t aria-label=\"phone\"\t\t\t\t\ttabindex=\"0\">\t\t\n\t\t\t\t\t\t\t\t\t\t<a rel=\"noopener noreferrer\" href=\"tel:+43%20(0)%201%20890%2027%2009\" target=\"_self\"><svg xmlns=\"https:\/\/www.w3.org\/2000\/svg\" viewbox= \"0 0 512 512\" role=\"graphics-symbol\" aria-hidden=\"false\" aria-label=\"\"><path d=\"M511.2 387l-23.25 100.8c-3.266 14.25-15.79 24.22-30.46 24.22C205.2 512 0 306.8 0 54.5c0-14.66 9.969-27.2 24.22-30.45l100.8-23.25C139.7-2.602 154.7 5.018 160.8 18.92l46.52 108.5c5.438 12.78 1.77 27.67-8.98 36.45L144.5 207.1c33.98 69.22 90.26 125.5 159.5 159.5l44.08-53.8c8.688-10.78 23.69-14.51 36.47-8.975l108.5 46.51C506.1 357.2 514.6 372.4 511.2 387z\"><\/path><\/svg><\/a>\n\t\t\t\t\t\t\t\t\t<\/span>\n\t\t\t\t\t\t\t<\/div>\n\t\t\t\n\n      \n\t\t\t<div class=\"uagb-icon-wrapper uagb-block-c2792afa\"\n\t\t\tstyle=\"\" >\n\t\t\t\t\t\t\t\t\t<span class=\"uagb-svg-wrapper\" \n\t\t\t\t\t aria-label=\"envelope\"\t\t\t\t\ttabindex=\"0\">\t\t\n\t\t\t\t\t\t\t\t\t\t<a rel=\"noopener noreferrer\" href=\"mailto:office@teamledl.at\" target=\"_self\"><svg xmlns=\"https:\/\/www.w3.org\/2000\/svg\" viewbox= \"0 0 512 512\" role=\"graphics-symbol\" aria-hidden=\"false\" aria-label=\"\"><path d=\"M464 64C490.5 64 512 85.49 512 112C512 127.1 504.9 141.3 492.8 150.4L275.2 313.6C263.8 322.1 248.2 322.1 236.8 313.6L19.2 150.4C7.113 141.3 0 127.1 0 112C0 85.49 21.49 64 48 64H464zM217.6 339.2C240.4 356.3 271.6 356.3 294.4 339.2L512 176V384C512 419.3 483.3 448 448 448H64C28.65 448 0 419.3 0 384V176L217.6 339.2z\"><\/path><\/svg><\/a>\n\t\t\t\t\t\t\t\t\t<\/span>\n\t\t\t\t\t\t\t<\/div>\n\t\t\t<\/div>\n<\/div>\n\n\n\n<div class=\"wp-block-uagb-container uagb-block-175d4ce1 alignfull uagb-is-root-container\">\n<div class=\"wp-block-uagb-container uagb-block-4b3d8038\">\n<figure class=\"wp-block-image alignright size-full is-resized has-custom-border is-style-rounded\"><img decoding=\"async\" width=\"140\" height=\"140\" src=\"http:\/\/teamledl.at\/wp-content\/uploads\/2024\/09\/Picture-1-2-e1725356515221.png\" alt=\"\" class=\"wp-image-2803\" style=\"border-style:none;border-width:0px;border-radius:50%;aspect-ratio:1;object-fit:cover;width:200px\"\/><\/figure>\n<\/div>\n\n\n\n<div class=\"wp-block-uagb-container uagb-block-62b65439\">\n<div class=\"wp-block-uagb-advanced-heading uagb-block-bc990ba7\"><h4 class=\"uagb-heading-text\"><strong>Generalni direktor, Ingrid Ledl<\/strong><\/h4><\/div>\n\n\n\n<div class=\"wp-block-uagb-advanced-heading uagb-block-7ab2b004\"><p class=\"uagb-heading-text\">-Diplomirani \u017eivotni i socijalni savetnik<br>-Agent za zapo\u0161ljavanje<br>-Hemi\u010dar<br>-Obuka za terapeuta uz pomoc\u0301 \u017eivotinja (TAT)<br>-Obuka za DaF\/DaZ trenera<br>-Radionica za preno\u0161enje vrednosti i znanja o orijentaciji prema OIF-u<br>-Radionica o rodu i razli\u010ditosti<\/p><\/div>\n<\/div>\n<\/div>\n\n\n\n<div class=\"wp-block-uagb-container uagb-block-f159e54f alignfull uagb-is-root-container\"><div class=\"uagb-container-inner-blocks-wrap\">\n<div class=\"wp-block-uagb-container uagb-block-8ebb92f3 alignfull uagb-is-root-container\"><div class=\"uagb-container-inner-blocks-wrap\">\n<div class=\"wp-block-uagb-container uagb-block-27402093\">\n<div class=\"wp-block-uagb-advanced-heading uagb-block-a5441075\"><h4 class=\"uagb-heading-text\">Lamija Krako<\/h4><\/div>\n\n\n\n<div class=\"wp-block-uagb-advanced-heading uagb-block-2a3e37db\"><p class=\"uagb-heading-text\">-Administracija i organizacija<br>-DaF\/DaZ trener sa OIF sertifikatom<br>-U\u010denje nema\u010dkog jezika i knji\u017eevnosti<br>-Radionica za preno\u0161enje vrednosti i znanja o orijentaciji prema OIF-u<br>-Radionica o rodu i razli\u010ditosti<br>Ispitiva\u010d nivoa nema\u010dkog jezika A1, A2, B1 i B2 u ime OIF-a<\/p><\/div>\n<\/div>\n\n\n\n<div class=\"wp-block-uagb-container uagb-block-a9c25dd8\">\n<div class=\"wp-block-uagb-advanced-heading uagb-block-f38a906c\"><h4 class=\"uagb-heading-text\">Christine Tornea<\/h4><\/div>\n\n\n\n<div class=\"wp-block-uagb-advanced-heading uagb-block-19ddd631\"><p class=\"uagb-heading-text\">-DaF\/DaZ trener sa OIF sertifikatom<br>-Diploma iz poslovne administracije<br>-Obuka za DaF\/DaZ trenera<br>-Radionica za preno\u0161enje vrednosti i znanja o orijentaciji prema OIF-u<br>-Radionica o rodu i razli\u010ditosti<br>-Ispitiva\u010d nivoa nema\u010dkog jezika A1, A2 u ime OIF-a<\/p><\/div>\n<\/div>\n<\/div><\/div>\n\n\n\n<div class=\"wp-block-uagb-container uagb-block-e9c93b62 alignfull uagb-is-root-container\"><div class=\"uagb-container-inner-blocks-wrap\">\n<div class=\"wp-block-uagb-container uagb-block-998d1632\">\n<div class=\"wp-block-uagb-advanced-heading uagb-block-7793bfde\"><h4 class=\"uagb-heading-text\">Andjela Pantic<\/h4><\/div>\n\n\n\n<div class=\"wp-block-uagb-advanced-heading uagb-block-4edb1ac2\"><p class=\"uagb-heading-text\">-Menad\u017eer projekta<br>-Administracija i organizacija<br>-Coach za klijente<br>-DaF\/DaZ trener sa OIF sertifikatom<br>-Diplomirani nema\u010dki filolog<br>-Radionica za preno\u0161enje vrednosti i znanja o orijentaciji prema OIF-u<br>-Ispitiva\u010d nivoa nema\u010dkog jezika A2 i B1 u ime OIF-a<\/p><\/div>\n<\/div>\n\n\n\n<div class=\"wp-block-uagb-container uagb-block-d91aea34\">\n<div class=\"wp-block-uagb-advanced-heading uagb-block-8417f972\"><h4 class=\"uagb-heading-text\"><strong>Jasmina Haskic<\/strong><\/h4><\/div>\n\n\n\n<div class=\"wp-block-uagb-advanced-heading uagb-block-461bfabc\"><p class=\"uagb-heading-text\">-Administracija i organizacija<br>-Obuka: Trener za obrazovanje odraslih i nema\u010dki kao strani jezik i drugi jezik<br>-Diplomirani slavista<br>-DaF\/DaZ trener sa OIF sertifikatom<br>-Ispitiva\u010d nivoa nema\u010dkog jezika A1, A2, B1 i B2 u ime OIF-a<\/p><\/div>\n<\/div>\n<\/div><\/div>\n\n\n\n<div class=\"wp-block-uagb-container uagb-block-dd11e07b alignfull uagb-is-root-container\"><div class=\"uagb-container-inner-blocks-wrap\">\n<div class=\"wp-block-uagb-container uagb-block-fe73b129\">\n<div class=\"wp-block-uagb-advanced-heading uagb-block-bd0e74c6\"><h4 class=\"uagb-heading-text\">Silvia Vicentic<\/h4><\/div>\n\n\n\n<div class=\"wp-block-uagb-advanced-heading uagb-block-7f22799d\"><p class=\"uagb-heading-text\">-Administracija i organizacija<br>-Coach za klijente<br>-DaF\/DaZ trener sa OIF sertifikatom<br>-Diploma iz transkulturne komunikacije<br>-Ispitiva\u010d nivoa nema\u010dkog jezika A2 i B1 u ime OIF-a<\/p><\/div>\n<\/div>\n\n\n\n<div class=\"wp-block-uagb-container uagb-block-04910e32\">\n<div class=\"wp-block-uagb-advanced-heading uagb-block-2d745c04\"><h4 class=\"uagb-heading-text\">Dajana Bozic<\/h4><\/div>\n\n\n\n<div class=\"wp-block-uagb-advanced-heading uagb-block-744e2301\"><p class=\"uagb-heading-text\">-Administracija i organizacija<br>-Studija obrazovne nauke<br>-Ispitiva\u010d nivoa nema\u010dkog jezika A1, A2, B1 u ime OIF-a<br>-Coach za klijente<br>-Obuka: Trener za obrazovanje odraslih i nema\u010dki kao strani jezik i drugi jezik<br>-DaF\/DaZ trener sa OIF sertifikatom<\/p><\/div>\n<\/div>\n<\/div><\/div>\n\n\n\n<div class=\"wp-block-uagb-container uagb-block-33f04d1d alignfull uagb-is-root-container\"><div class=\"uagb-container-inner-blocks-wrap\">\n<div class=\"wp-block-uagb-container uagb-block-b40decff\">\n<div class=\"wp-block-uagb-advanced-heading uagb-block-bcb1f3ac\"><h4 class=\"uagb-heading-text\">Kristina Paleznica<\/h4><\/div>\n\n\n\n<div class=\"wp-block-uagb-advanced-heading uagb-block-41f3a661\"><p class=\"uagb-heading-text\">-Administracija i organizacija<br>-DaF\/DaZ trener sa OIF sertifikatom<br>-Diplomirani nema\u010dki filololog<br>-Radionica za preno\u0161enje vrednosti i znanja o orijentaciji prema OIF-u<br>-Ispitiva\u010d nivoa nema\u010dkog jezika A1, A2 i B1 u ime OIF-a<\/p><\/div>\n<\/div>\n\n\n\n<div class=\"wp-block-uagb-container uagb-block-0c2dc4a4\">\n<div class=\"wp-block-uagb-advanced-heading uagb-block-adca8f22\"><h4 class=\"uagb-heading-text\">Anna Repkova<\/h4><\/div>\n\n\n\n<div class=\"wp-block-uagb-advanced-heading uagb-block-9a08bab6\"><p class=\"uagb-heading-text\">-Radnik za brigu o deci<\/p><\/div>\n<\/div>\n<\/div><\/div>\n\n\n\n<div class=\"wp-block-uagb-container uagb-block-ab4bdf73 alignfull uagb-is-root-container\"><div class=\"uagb-container-inner-blocks-wrap\">\n<div class=\"wp-block-uagb-container uagb-block-5ca445b6\">\n<div class=\"wp-block-uagb-advanced-heading uagb-block-54a671c4\"><h4 class=\"uagb-heading-text\">Ivelina Miteva<\/h4><\/div>\n\n\n\n<div class=\"wp-block-uagb-advanced-heading uagb-block-c2641278\"><p class=\"uagb-heading-text\">-DaF\/DaZ trener sa OIF sertifikatom<br>-Ispitiva\u010d nivoa nema\u010dkog jezika A1, A2, B1 i B2 u ime OIF-a<br>-Diplomirani nema\u010dki filolog<br>-Diplominarni predva\u010d za srednju \u0161kolu (AB)<br>-Radionica za preno\u0161enje vrednosti i znanja o orijentaciji prema OIF-u<br>-Nastava gramatike na onlajn kursevima, OIF &#8211; Austrijski fond za integraciju<br>-Kreativno pisanje i performativno u\u010denje u kontekstu DaZ-a, OIF &#8211; Austrijski integracioni fond<br>-U\u010denje i mozak: neuronau\u010dne osnove u\u010denja, OIF \u2013 Austrijski integracioni fond<\/p><\/div>\n<\/div>\n\n\n\n<div class=\"wp-block-uagb-container uagb-block-93adb6ba\">\n<div class=\"wp-block-uagb-advanced-heading uagb-block-2c004fa1\"><h4 class=\"uagb-heading-text\">Christine Penz<\/h4><\/div>\n\n\n\n<div class=\"wp-block-uagb-advanced-heading uagb-block-042a0cfb\"><p class=\"uagb-heading-text\">-DaF\/DaZ trener sa OIF sertifikatom<br>-Diploma za medijski dizajn<br>-Master globalne istorije -U\u010denje na daljinu <br>&#8211; Metodika i didaktika nastave nema\u010dkog kao stranog jezika <br>-Ispitiva\u010d nivoa jezika nema\u010dki A1, A2, B1 i B2 ispred OIF-a<br>-Seoska radionica Sirije; Diakonie Refugee Service Be\u010d<br>-Kurdistanska seoska radionica; Diakonie Refugee Service Be\u010d<br>-Seoska radionica Irak; Diakonie Refugee Service Be\u010d<br>-Radionica Radikalizam i Ekstremizam; OIF Vienna<br>-Bekstvo iz radionice i traume; Diakonie Refugee Service Be\u010d<br>-Radionica Rod i razli\u010ditost<br>-Radionica onlajn kreiranje grumen\u010dic\u0301a znanja, BMBVF<\/p><\/div>\n<\/div>\n<\/div><\/div>\n\n\n\n<div class=\"wp-block-uagb-container uagb-block-b9691cd5 alignfull uagb-is-root-container\"><div class=\"uagb-container-inner-blocks-wrap\">\n<div class=\"wp-block-uagb-container uagb-block-56f1659c\">\n<div class=\"wp-block-uagb-advanced-heading uagb-block-fd4c809e\"><h4 class=\"uagb-heading-text\"><strong>Jelena Salimova<\/strong><\/h4><\/div>\n\n\n\n<div class=\"wp-block-uagb-advanced-heading uagb-block-c71b74d5\"><p class=\"uagb-heading-text\">-DaF\/DaZ trener sa OIF sertifikatom<br>-Dalje usavr\u0161avanje: DaF nastavnik, Gete institut<br>-Podr\u0161ka veb aplikacije<\/p><\/div>\n<\/div>\n\n\n\n<div class=\"wp-block-uagb-container uagb-block-40fa2a0c\">\n<div class=\"wp-block-uagb-advanced-heading uagb-block-5b33ba2a\"><h4 class=\"uagb-heading-text\">Milica Nikolic<\/h4><\/div>\n\n\n\n<div class=\"wp-block-uagb-advanced-heading uagb-block-67f2e3da\"><p class=\"uagb-heading-text\">-Administracija i organizacija<br>-Savet za klijente<br>-Podr\u0161ka veb aplikacije<\/p><\/div>\n<\/div>\n<\/div><\/div>\n\n\n\n<div class=\"wp-block-uagb-container uagb-block-5c13b964 alignfull uagb-is-root-container\"><div class=\"uagb-container-inner-blocks-wrap\">\n<div class=\"wp-block-uagb-container uagb-block-061d9a29\">\n<div class=\"wp-block-uagb-advanced-heading uagb-block-93e41ae2\"><h4 class=\"uagb-heading-text\">Esra Keskin<\/h4><\/div>\n\n\n\n<div class=\"wp-block-uagb-advanced-heading uagb-block-92b2a832\"><p class=\"uagb-heading-text\">-Administracija i organizacija<br>-Coach za klijente<br>-Podr\u0161ka web aplikacije<br>-DaF\/DaZ trener sa OIF sertifikatom<br>-Diplomirani Umetnost, kulturna i dru\u0161tvena antropologija<br>-Ispitiva\u010d nivoa nema\u010dkog jezika A2 i B1 u ime OIF-a<\/p><\/div>\n<\/div>\n\n\n\n<div class=\"wp-block-uagb-container uagb-block-342c8ea6\"><\/div>\n<\/div><\/div>\n\n\n\n<div class=\"wp-block-uagb-container uagb-block-6e62476d alignfull uagb-is-root-container\"><div class=\"uagb-container-inner-blocks-wrap\">\n<div class=\"wp-block-uagb-container uagb-block-cb1bba6e\"><\/div>\n<\/div><\/div>\n<\/div><\/div>","protected":false},"excerpt":{"rendered":"<p>Na\u0161i predava\u010di Generalni direktor, Ingrid Ledl -Diplomirani \u017eivotni i socijalni savetnik-Agent za zapo\u0161ljavanje-Hemi\u010dar-Obuka za terapeuta uz pomoc\u0301 \u017eivotinja (TAT)-Obuka za DaF\/DaZ trenera-Radionica za preno\u0161enje vrednosti i znanja o orijentaciji prema OIF-u-Radionica o rodu i razli\u010ditosti Lamija Krako -Administracija i organizacija-DaF\/DaZ trener sa OIF sertifikatom-U\u010denje nema\u010dkog jezika i knji\u017eevnosti-Radionica za preno\u0161enje vrednosti i znanja o orijentaciji [&hellip;]<\/p>","protected":false},"author":1,"featured_media":0,"parent":3153,"menu_order":1,"comment_status":"closed","ping_status":"closed","template":"","meta":{"_uag_custom_page_level_css":"","site-sidebar-layout":"default","site-content-layout":"","ast-site-content-layout":"default","site-content-style":"default","site-sidebar-style":"default","ast-global-header-display":"","ast-banner-title-visibility":"","ast-main-header-display":"","ast-hfb-above-header-display":"","ast-hfb-below-header-display":"","ast-hfb-mobile-header-display":"","site-post-title":"disabled","ast-breadcrumbs-content":"","ast-featured-img":"","footer-sml-layout":"","ast-disable-related-posts":"","theme-transparent-header-meta":"","adv-header-id-meta":"","stick-header-meta":"","header-above-stick-meta":"","header-main-stick-meta":"","header-below-stick-meta":"","astra-migrate-meta-layouts":"default","ast-page-background-enabled":"default","ast-page-background-meta":{"desktop":{"background-color":"var(--ast-global-color-4)","background-image":"","background-repeat":"repeat","background-position":"center center","background-size":"auto","background-attachment":"scroll","background-type":"","background-media":"","overlay-type":"","overlay-color":"","overlay-opacity":"","overlay-gradient":""},"tablet":{"background-color":"","background-image":"","background-repeat":"repeat","background-position":"center center","background-size":"auto","background-attachment":"scroll","background-type":"","background-media":"","overlay-type":"","overlay-color":"","overlay-opacity":"","overlay-gradient":""},"mobile":{"background-color":"","background-image":"","background-repeat":"repeat","background-position":"center center","background-size":"auto","background-attachment":"scroll","background-type":"","background-media":"","overlay-type":"","overlay-color":"","overlay-opacity":"","overlay-gradient":""}},"ast-content-background-meta":{"desktop":{"background-color":"var(--ast-global-color-5)","background-image":"","background-repeat":"repeat","background-position":"center center","background-size":"auto","background-attachment":"scroll","background-type":"","background-media":"","overlay-type":"","overlay-color":"","overlay-opacity":"","overlay-gradient":""},"tablet":{"background-color":"var(--ast-global-color-5)","background-image":"","background-repeat":"repeat","background-position":"center center","background-size":"auto","background-attachment":"scroll","background-type":"","background-media":"","overlay-type":"","overlay-color":"","overlay-opacity":"","overlay-gradient":""},"mobile":{"background-color":"var(--ast-global-color-5)","background-image":"","background-repeat":"repeat","background-position":"center center","background-size":"auto","background-attachment":"scroll","background-type":"","background-media":"","overlay-type":"","overlay-color":"","overlay-opacity":"","overlay-gradient":""}},"_themeisle_gutenberg_block_has_review":false,"footnotes":""},"class_list":["post-3157","page","type-page","status-publish","hentry"],"uagb_featured_image_src":{"full":false,"thumbnail":false,"medium":false,"medium_large":false,"large":false,"1536x1536":false,"2048x2048":false,"trp-custom-language-flag":false},"uagb_author_info":{"display_name":"admin","author_link":"https:\/\/teamledl.at\/sr\/author\/admin\/"},"uagb_comment_info":0,"uagb_excerpt":"Na\u0161i predava\u010di Generalni direktor, Ingrid Ledl -Diplomirani \u017eivotni i socijalni savetnik-Agent za zapo\u0161ljavanje-Hemi\u010dar-Obuka za terapeuta uz pomoc\u0301 \u017eivotinja (TAT)-Obuka za DaF\/DaZ trenera-Radionica za preno\u0161enje vrednosti i znanja o orijentaciji prema OIF-u-Radionica o rodu i razli\u010ditosti Lamija Krako -Administracija i organizacija-DaF\/DaZ trener sa OIF sertifikatom-U\u010denje nema\u010dkog jezika i knji\u017eevnosti-Radionica za preno\u0161enje vrednosti i znanja o orijentaciji&hellip;","_links":{"self":[{"href":"https:\/\/teamledl.at\/sr\/wp-json\/wp\/v2\/pages\/3157","targetHints":{"allow":["GET"]}}],"collection":[{"href":"https:\/\/teamledl.at\/sr\/wp-json\/wp\/v2\/pages"}],"about":[{"href":"https:\/\/teamledl.at\/sr\/wp-json\/wp\/v2\/types\/page"}],"author":[{"embeddable":true,"href":"https:\/\/teamledl.at\/sr\/wp-json\/wp\/v2\/users\/1"}],"replies":[{"embeddable":true,"href":"https:\/\/teamledl.at\/sr\/wp-json\/wp\/v2\/comments?post=3157"}],"version-history":[{"count":2,"href":"https:\/\/teamledl.at\/sr\/wp-json\/wp\/v2\/pages\/3157\/revisions"}],"predecessor-version":[{"id":3330,"href":"https:\/\/teamledl.at\/sr\/wp-json\/wp\/v2\/pages\/3157\/revisions\/3330"}],"up":[{"embeddable":true,"href":"https:\/\/teamledl.at\/sr\/wp-json\/wp\/v2\/pages\/3153"}],"wp:attachment":[{"href":"https:\/\/teamledl.at\/sr\/wp-json\/wp\/v2\/media?parent=3157"}],"curies":[{"name":"wp","href":"https:\/\/api.w.org\/{rel}","templated":true}]}}