{"id":3158,"date":"2024-11-05T20:28:21","date_gmt":"2024-11-05T19:28:21","guid":{"rendered":"https:\/\/teamledl.at\/?page_id=3158"},"modified":"2024-11-28T00:32:26","modified_gmt":"2024-11-27T23:32:26","slug":"zivotinje-i-ljudi","status":"publish","type":"page","link":"https:\/\/teamledl.at\/sr\/o-nama\/zivotinje-i-ljudi\/","title":{"rendered":"\u017divotinje i ljudi"},"content":{"rendered":"<div class=\"wp-block-uagb-container uagb-block-1c76e97b alignfull uagb-is-root-container\">\n<div class=\"wp-block-uagb-container uagb-block-df2dcdef\">\n<div class=\"wp-block-uagb-container uagb-block-19cfe263\">\n<div class=\"wp-block-uagb-advanced-heading uagb-block-a91a2455\"><h2 class=\"uagb-heading-text\">\u017divotinje i ljudi<\/h2><\/div>\n\n\n\n<div class=\"wp-block-uagb-advanced-heading uagb-block-b67aec82\"><p class=\"uagb-heading-text\">Na\u0161a \u0161tala za jahanje nalazi se na idili\u010dnoj lokaciji na periferiji Be\u010da, na ivici Lobaua. Ovde vas pozivamo da u\u017eivate u vrednostima koje \u017eivotinje mogu dati ljudima, bez obzira da li su mladi ili stari, zdravi ili potrebiti, daleko od bilo kakve gu\u017eve i gu\u017eve.<\/p><\/div>\n\n\n\n<div class=\"wp-block-uagb-advanced-heading uagb-block-b50bda6a\"><p class=\"uagb-heading-text\">Kroz na\u0161e iskustvo u \u017eivotnom i socijalnom savetovanju i terapiji uz pomoc\u0301 \u017eivotinja, zasnovano na do\u017eivotnom iskustvu rada sa \u017eivotinjama, dobro smo opremljeni da damo najbolje za na\u0161e klijente sa mnogo znanja, posvec\u0301enosti i puno srca.<\/p><\/div>\n<\/div>\n<\/div>\n\n\n\n<div class=\"wp-block-uagb-container uagb-block-801464e6\"><\/div>\n\n\n\n<div class=\"uagb-position__sticky wp-block-uagb-container uag-blocks-common-selector uagb-block-412a05ad default uagb-is-root-container\">      \n\t\t\t<div class=\"uagb-icon-wrapper uagb-block-7a2165ab\"\n\t\t\tstyle=\"\" >\n\t\t\t\t\t\t\t\t\t<span class=\"uagb-svg-wrapper\" \n\t\t\t\t\t aria-label=\"phone\"\t\t\t\t\ttabindex=\"0\">\t\t\n\t\t\t\t\t\t\t\t\t\t<a rel=\"noopener noreferrer\" href=\"tel:+43%20%20(0)1%20890%2027%2009\" target=\"_self\"><svg xmlns=\"https:\/\/www.w3.org\/2000\/svg\" viewbox= \"0 0 512 512\" role=\"graphics-symbol\" aria-hidden=\"false\" aria-label=\"\"><path d=\"M511.2 387l-23.25 100.8c-3.266 14.25-15.79 24.22-30.46 24.22C205.2 512 0 306.8 0 54.5c0-14.66 9.969-27.2 24.22-30.45l100.8-23.25C139.7-2.602 154.7 5.018 160.8 18.92l46.52 108.5c5.438 12.78 1.77 27.67-8.98 36.45L144.5 207.1c33.98 69.22 90.26 125.5 159.5 159.5l44.08-53.8c8.688-10.78 23.69-14.51 36.47-8.975l108.5 46.51C506.1 357.2 514.6 372.4 511.2 387z\"><\/path><\/svg><\/a>\n\t\t\t\t\t\t\t\t\t<\/span>\n\t\t\t\t\t\t\t<\/div>\n\t\t\t\n\n      \n\t\t\t<div class=\"uagb-icon-wrapper uagb-block-c2792afa\"\n\t\t\tstyle=\"\" >\n\t\t\t\t\t\t\t\t\t<span class=\"uagb-svg-wrapper\" \n\t\t\t\t\t aria-label=\"envelope\"\t\t\t\t\ttabindex=\"0\">\t\t\n\t\t\t\t\t\t\t\t\t\t<a rel=\"noopener noreferrer\" href=\"mailto:office@teamledl.at\" target=\"_self\"><svg xmlns=\"https:\/\/www.w3.org\/2000\/svg\" viewbox= \"0 0 512 512\" role=\"graphics-symbol\" aria-hidden=\"false\" aria-label=\"\"><path d=\"M464 64C490.5 64 512 85.49 512 112C512 127.1 504.9 141.3 492.8 150.4L275.2 313.6C263.8 322.1 248.2 322.1 236.8 313.6L19.2 150.4C7.113 141.3 0 127.1 0 112C0 85.49 21.49 64 48 64H464zM217.6 339.2C240.4 356.3 271.6 356.3 294.4 339.2L512 176V384C512 419.3 483.3 448 448 448H64C28.65 448 0 419.3 0 384V176L217.6 339.2z\"><\/path><\/svg><\/a>\n\t\t\t\t\t\t\t\t\t<\/span>\n\t\t\t\t\t\t\t<\/div>\n\t\t\t<\/div>\n<\/div>\n\n\n\n<div class=\"wp-block-uagb-container uagb-block-1822f821 alignfull uagb-is-root-container\"><div class=\"uagb-container-inner-blocks-wrap\">\n<div class=\"wp-block-uagb-container uagb-block-b290f114\">\n<div class=\"wp-block-uagb-advanced-heading uagb-block-901e5849\"><p class=\"uagb-heading-text\">Na\u0161a \u0161iroka ponuda za mlade i starije je individualno prilago\u0111ena ve\u0161tinama u\u010desnika kursa, uvek profesionalno i u skladu sa najnovijim standardima obuke. Raznolikost se \u017eivi i do\u017eivljava na farmi, to se ogleda u metodama koje se koriste, na\u0161im \u017eivotinjama i u\u010desnicima kursa.<\/p><\/div>\n\n\n\n<div class=\"wp-block-uagb-advanced-heading uagb-block-b0ac36ad\"><p class=\"uagb-heading-text\">Posetite nas, u\u017eivajte u prirodi i \u017eivotinjama i odmoru od svakodnevice, nau\u010dite nove stvari.<\/p><\/div>\n<\/div>\n\n\n\n<div class=\"wp-block-uagb-container uagb-block-7dab6139\">\n<div class=\"wp-block-uagb-advanced-heading uagb-block-6bdb17b0\"><h5 class=\"uagb-heading-text\"><strong>Radujemo se \u0161to c\u0301emo vas videti!<\/strong><\/h5><\/div>\n\n\n\n<div class=\"wp-block-uagb-advanced-heading uagb-block-fba2dde3\"><h5 class=\"uagb-heading-text\"><strong><strong>Zaka\u017eite termine na <a href=\"tel:069912091187\" data-type=\"tel\" data-id=\"tel:069912091187\">0699 120 91 187<\/a><\/strong><\/strong><\/h5><\/div>\n<\/div>\n<\/div><\/div>\n\n\n\n<div class=\"wp-block-uagb-container uagb-block-8c46e386 alignfull uagb-is-root-container\"><div class=\"uagb-container-inner-blocks-wrap\">\n<div class=\"wp-block-uagb-container uagb-block-e960a3fc\">\n<div class=\"wp-block-uagb-advanced-heading uagb-block-de1bf8d8\"><h2 class=\"uagb-heading-text\"><strong>Ponude<\/strong><\/h2><\/div>\n\n\n\n<div id=\"wp-block-themeisle-blocks-accordion-d3ea82a2\" class=\"wp-block-themeisle-blocks-accordion exclusive has-dark-active-title-bg has-dark-title-bg\">\n<details class=\"wp-block-themeisle-blocks-accordion-item\"><summary class=\"wp-block-themeisle-blocks-accordion-item__title\"><div><strong>1.Konji\u010dko obrazovanje<\/strong><\/div><\/summary><div class=\"wp-block-themeisle-blocks-accordion-item__content\">\n<div class=\"wp-block-uagb-container uagb-block-70da104e\">\n<div class=\"wp-block-uagb-advanced-heading uagb-block-cd0170a7\"><p class=\"uagb-heading-text\">Ova ponuda koristi (grupna) iskustva sa konjima za razvoj li\u010dnosti i dru\u0161tvenih ve\u0161tina. Podr\u017eava pozitivan razvoj de\u010djih motori\u010dkih ve\u0161tina i percepcije u oblastima grube i fine motorike, koordinacije, taktilne percepcije i duboke osetljivosti. Za razliku od terapije jahanjem, fokus nije na posebnom promovisanju ili le\u010denju slabosti i nedostataka.<\/p><\/div>\n\n\n\n<div class=\"wp-block-uagb-advanced-heading uagb-block-5a35cd18\"><p class=\"uagb-heading-text\">Ve\u017ebe na razli\u010dite teme znanja izvode se na igriv na\u010din na i sa konjem. Mali\u0161ani zajedno sa konjem ve\u017ebaju boje, slova, brojeve, ra\u010dunanje, ve\u0161tinu pamc\u0301enja.<\/p><\/div>\n\n\n\n<div class=\"wp-block-uagb-advanced-heading uagb-block-1d280ca9\"><p class=\"uagb-heading-text\">Uz obrazovanje jahanja, deca tako\u0111e u\u010de kako da pravilno rukuju konjima i istra\u017euju njihovo prirodno pona\u0161anje na razigran na\u010din. Nau\u010dic\u0301ete mnogo o nezi i \u010duvanju \u017eivotinja. Kretanje sa i na \u017eivotinjama privla\u010di mnoga razli\u010dita \u010dula i na taj na\u010din podsti\u010de razvoj dece. Boravak sa konjem i drugom decom ja\u010da dru\u0161tvene ve\u0161tine i sposobnost da rade u timu.<\/p><\/div>\n\n\n\n<div class=\"wp-block-uagb-image uagb-block-d51ede7b wp-block-uagb-image--layout-default wp-block-uagb-image--effect-static wp-block-uagb-image--align-none\"><figure class=\"wp-block-uagb-image__figure\"><img decoding=\"async\" srcset=\"https:\/\/teamledl.at\/wp-content\/uploads\/2024\/11\/pexels-barbara-olsen-7883120-1024x683.jpg ,https:\/\/teamledl.at\/wp-content\/uploads\/2024\/11\/pexels-barbara-olsen-7883120-scaled.jpg 780w, https:\/\/teamledl.at\/wp-content\/uploads\/2024\/11\/pexels-barbara-olsen-7883120-scaled.jpg 360w\" sizes=\"(max-width: 480px) 150px\" src=\"https:\/\/teamledl.at\/wp-content\/uploads\/2024\/11\/pexels-barbara-olsen-7883120-1024x683.jpg\" alt=\"\" class=\"uag-image-3466\" width=\"6000\" height=\"4000\" title=\"pexels-barbara-olsen-7883120\" role=\"img\"\/><\/figure><\/div>\n\n\n\n<div class=\"wp-block-uagb-advanced-heading uagb-block-8d15b1e2\"><p class=\"uagb-heading-text\">Obrazovanje jahanja ne tvrdi da je terapeutsko. To nije \u010das jahanja, ali je najbolja osnova za to, jer deca od samog po\u010detka u\u010de kako da pravilno sede. Igre se igraju na zemlji i na konju i u\u010de nove ve\u0161tine. Sa konjem kao partnerom promovi\u0161e se samopo\u0161tovanje i jo\u0161 mnogo toga.&nbsp; Izleti u okolinu i \u0161umu ja\u010daju vezu sa prirodom i poma\u017eu deci da se prizemlje.<\/p><\/div>\n\n\n\n<div class=\"wp-block-uagb-advanced-heading uagb-block-294bb8da\"><p class=\"uagb-heading-text\">Proces prate iskusni instruktori jahanja i specijalisti za terapiju uz pomoc\u0301 \u017eivotinja.<\/p><\/div>\n\n\n\n<div class=\"wp-block-uagb-advanced-heading uagb-block-97804841\"><h4 class=\"uagb-heading-text\">Cena po jedinici (50 minuta) 60\u20ac,-<br><br>Blok od 10 (10 plus 1 besplatno) 600 \u20ac<\/h4><\/div>\n<\/div>\n<\/div><\/details>\n\n\n\n<details class=\"wp-block-themeisle-blocks-accordion-item\"><summary class=\"wp-block-themeisle-blocks-accordion-item__title\"><div><strong><strong>2. Planinarenje sa konjem \u2013 Ovako je planinarenje zabavno<\/strong><\/strong><\/div><\/summary><div class=\"wp-block-themeisle-blocks-accordion-item__content\">\n<div class=\"wp-block-uagb-container uagb-block-c2b6c06f\">\n<div class=\"wp-block-uagb-advanced-heading uagb-block-cff378aa\"><p class=\"uagb-heading-text\">Koliko mi i na\u0161a deca jo\u0161 moramo da pre\u0111emo?<br><br>Kada ste se poslednji put divili cvec\u0301u usput? Mo\u017eda bilje sakupljeno u prirodi i kuvano zajedno sa svojim najmilijima?<br><br>Napredna, sve savr\u0161enija mobilnost elimini\u0161e puteve i samo postavlja cilj za ciljem.<\/p><\/div>\n\n\n\n<div class=\"wp-block-uagb-advanced-heading uagb-block-55b2ac62\"><p class=\"uagb-heading-text\">Tokom na\u0161eg laganog pje\u0161a\u010denja konjima, do\u017eivljavamo usporavanje i fokusiramo se ne na ono \u0161to dolazi, vec\u0301 na ono \u0161to je. Mirnost i spokoj \u017eivotinja ima \u201ezarazni\u201c efekat, poma\u017ee nama ljudima da budemo prizemljeni, usredsre\u0111eni i uravnote\u017eeniji.<\/p><\/div>\n\n\n\n<div class=\"wp-block-uagb-advanced-heading uagb-block-a8614dab\"><p class=\"uagb-heading-text\">Tokom pripreme konja, odnosno \u010detkanja i struganja kopita, u\u010desnici ostvaruju prve kontakte sa Askanom, Trojanom, D\u017eonijem i \u010cikom. Dobic\u0301ete povratne informacije o govoru tela \u017eivotinja i na taj na\u010din saznati o karakteristikama i preferencijama na\u0161ih konja. Na na\u0161em pe\u0161a\u010denju du\u017e ivice Lobaua vodimo konje i sa njima do\u017eivljavamo prirodu izbliza. Ponekad nas prate i na\u0161i psi.<\/p><\/div>\n\n\n\n<div class=\"wp-block-uagb-advanced-heading uagb-block-9227260d\"><p class=\"uagb-heading-text\">Po povratku na farmu, na\u0161i pratioci \u017eivotinja su dobro zbrinuti i pozdravljeni.<\/p><\/div>\n\n\n\n<div class=\"wp-block-uagb-advanced-heading uagb-block-b89342d3\"><p class=\"uagb-heading-text\">Pe\u0161a\u010denje prati instruktor jahanja i &#8222;ve\u0161tica trava&#8220;, tako da mo\u017eete nau\u010diti mnogo o \u017eivotinjama i flori u isto vreme.<\/p><\/div>\n\n\n\n<div class=\"wp-block-uagb-image uagb-block-880bd649 wp-block-uagb-image--layout-default wp-block-uagb-image--effect-static wp-block-uagb-image--align-none\"><figure class=\"wp-block-uagb-image__figure\"><img decoding=\"async\" srcset=\"https:\/\/teamledl.at\/wp-content\/uploads\/2024\/11\/pexels-anastasia-shuraeva-7671245-683x1024.jpg ,https:\/\/teamledl.at\/wp-content\/uploads\/2024\/11\/pexels-anastasia-shuraeva-7671245-scaled.jpg 780w, https:\/\/teamledl.at\/wp-content\/uploads\/2024\/11\/pexels-anastasia-shuraeva-7671245-scaled.jpg 360w\" sizes=\"(max-width: 480px) 150px\" src=\"https:\/\/teamledl.at\/wp-content\/uploads\/2024\/11\/pexels-anastasia-shuraeva-7671245-683x1024.jpg\" alt=\"\" class=\"uag-image-3469\" width=\"683\" height=\"1024\" title=\"pexels-anastasia-shuraeva-7671245\" role=\"img\"\/><\/figure><\/div>\n\n\n\n<div class=\"wp-block-uagb-advanced-heading uagb-block-1075d2a3\"><p class=\"uagb-heading-text\"><strong>Ove \u0161etnje se odvijaju sa maksimalno 6 u\u010desnika iz najvi\u0161e 2 domac\u0301instva i traju oko 1,5-2 sata (uklju\u010dujuc\u0301i zajedni\u010dku pripremu \u017eivotinja).<\/strong><\/p><\/div>\n\n\n\n<div class=\"wp-block-uagb-advanced-heading uagb-block-1f3c7cad\"><h4 class=\"uagb-heading-text\">Cena: 35 \u20ac po osobi<br><br>150 \u20ac za 6 osoba<\/h4><\/div>\n<\/div>\n<\/div><\/details>\n\n\n\n<details class=\"wp-block-themeisle-blocks-accordion-item\"><summary class=\"wp-block-themeisle-blocks-accordion-item__title\"><div><strong>3. Deca uz pomoc\u0301 \u017eivotinja<\/strong><\/div><\/summary><div class=\"wp-block-themeisle-blocks-accordion-item__content\">\n<div class=\"wp-block-uagb-container uagb-block-ea8c4577\">\n<div class=\"wp-block-uagb-advanced-heading uagb-block-5ca459c4\"><p class=\"uagb-heading-text\">Iskustveni obrazovni elementi pru\u017eaju prostor za individualna iskustva i procese u\u010denja. Ja\u010da se kooperativno pona\u0161anje i pokazuje se po\u0161tovanje prema ljudima i \u017eivotinjama. Uzimaju se u obzir prirodna potreba dece za ve\u017ebanjem i motori\u010dki izazovi.<\/p><\/div>\n\n\n\n<div class=\"wp-block-uagb-advanced-heading uagb-block-29b155a7\"><p class=\"uagb-heading-text\">Deca se podr\u017eavaju u individualnom razvoju i \u0161irenju socijalnih ve\u0161tina kori\u0161c\u0301enjem razli\u010ditih metoda iz oblasti pedagogije uz pomoc\u0301 \u017eivotinja. Susret i interakcija sa razli\u010ditim \u017eivotinjskim vrstama aktivira unutra\u0161nje resurse, doprinosi povec\u0301anju kvaliteta \u017eivota i u\u017eivanju u \u017eivotu i preventivno deluje na mentalno zdravlje.<\/p><\/div>\n\n\n\n<div class=\"wp-block-uagb-image uagb-block-1dcbf5a5 wp-block-uagb-image--layout-default wp-block-uagb-image--effect-static wp-block-uagb-image--align-none\"><figure class=\"wp-block-uagb-image__figure\"><img decoding=\"async\" srcset=\"https:\/\/teamledl.at\/wp-content\/uploads\/2024\/11\/pexels-anastasia-shuraeva-7671066-1024x683.jpg ,https:\/\/teamledl.at\/wp-content\/uploads\/2024\/11\/pexels-anastasia-shuraeva-7671066-scaled.jpg 780w, https:\/\/teamledl.at\/wp-content\/uploads\/2024\/11\/pexels-anastasia-shuraeva-7671066-scaled.jpg 360w\" sizes=\"(max-width: 480px) 150px\" src=\"https:\/\/teamledl.at\/wp-content\/uploads\/2024\/11\/pexels-anastasia-shuraeva-7671066-1024x683.jpg\" alt=\"\" class=\"uag-image-3468\" width=\"6000\" height=\"4000\" title=\"pexels-anastasia-shuraeva-7671066\" role=\"img\"\/><\/figure><\/div>\n\n\n\n<div class=\"wp-block-uagb-advanced-heading uagb-block-e4bc6214\"><p class=\"uagb-heading-text\">Iskustveni obrazovni elementi promovi\u0161u grupne ve\u0161tine i kooperativno pona\u0161anje. Pored pozitivnih efekata na fizi\u010dkom nivou, pokret ima psihohigijensku i ekspresivnu funkciju Prilikom interakcije sa \u017eivotinjom, sve su vi\u0161e potrebne komponente analogne komunikacije (mimika, gestovi, dodir itd.).<\/p><\/div>\n\n\n\n<div class=\"wp-block-uagb-advanced-heading uagb-block-f997cdd1\"><p class=\"uagb-heading-text\">Povezanost sa aspektima digitalne komunikacije stvara autenti\u010dnost. Mala grupa nudi bezbedno okru\u017eenje u kome se pro\u0161iruju dru\u0161tvene ve\u0161tine. Terapeut je svestan razvojno-specifi\u010dnih zadataka starosnih grupa i pri tome uvek vodi ra\u010duna o individualnom tempu deteta.<\/p><\/div>\n\n\n\n<div class=\"wp-block-uagb-advanced-heading uagb-block-a7457134\"><p class=\"uagb-heading-text\">Proces prate iskusni \u017eivotni i socijalni savetnici i specijalisti za terapiju uz pomoc\u0301 \u017eivotinja.<\/p><\/div>\n\n\n\n<div class=\"wp-block-uagb-advanced-heading uagb-block-a37535e7\"><h4 class=\"uagb-heading-text\"><strong>Cena po jedinici (50 minuta) 80 \u20ac<\/strong><\/h4><\/div>\n<\/div>\n<\/div><\/details>\n\n\n\n<details class=\"wp-block-themeisle-blocks-accordion-item\"><summary class=\"wp-block-themeisle-blocks-accordion-item__title\"><div><strong>4. Terapija uz pomoc\u0301 \u017eivotinja za odrasle<\/strong><\/div><\/summary><div class=\"wp-block-themeisle-blocks-accordion-item__content\">\n<div class=\"wp-block-uagb-container uagb-block-5883f02a\">\n<div class=\"wp-block-uagb-advanced-heading uagb-block-143f0d6e\"><p class=\"uagb-heading-text\">\u017divotinje poma\u017eu u smanjenju stresa, stabilizaciji psihe, smanjenju rizika od kardiovaskularnih bolesti i jo\u0161 mnogo toga.&nbsp; Terapija uz pomoc\u0301 \u017eivotinja, odnosno ciljano kori\u0161c\u0301enje kontakta sa \u017eivotinjama u svrhu le\u010denja, relativno je nova disciplina me\u0111u metodama le\u010denja. Ljudi sa kognitivnim, socijalno-emocionalnim i motori\u010dkim ograni\u010denjima imaju koristi od rada sa konjima, kao i zdravi ljudi.<\/p><\/div>\n\n\n\n<div class=\"wp-block-uagb-advanced-heading uagb-block-51fc0b75\"><p class=\"uagb-heading-text\">\u017divotinje mogu \u010diniti \u010duda. Najmanje mnoge du\u0161evne patnje i neke fizi\u010dke bolesti mogu se ubla\u017eiti, izle\u010diti ili \u010dak spre\u010diti.<\/p><\/div>\n\n\n\n<div class=\"wp-block-uagb-advanced-heading uagb-block-0a09b025\"><p class=\"uagb-heading-text\">Terapija uz pomoc\u0301 \u017eivotinja \u2013 Odnosi se na sve mere koje svesnom upotrebom konja pozitivno uti\u010du na iskustvo i pona\u0161anje pacijenata. Terapijski elementi kao \u0161to su emocionalna bliskost, toplina i bezuslovno prepoznavanje od strane \u017eivotinje igraju klju\u010dnu ulogu. Podr\u017eano tehnikama iz oblasti komunikacije (razmena informacija), interakcije (me\u0111usobni uticaj jedni na druge), bazalne stimulacije (nege i terapeutske mere podr\u0161ke fizi\u010dki i mentalno o\u0161tec\u0301enim osobama) i u\u010denja psihologije.<\/p><\/div>\n\n\n\n<div class=\"wp-block-uagb-advanced-heading uagb-block-90159850\"><p class=\"uagb-heading-text\">Proces prate iskusni \u017eivotni i socijalni savetnici i specijalisti za terapiju uz pomoc\u0301 \u017eivotinja.<\/p><\/div>\n\n\n\n<div class=\"wp-block-uagb-advanced-heading uagb-block-617de50b\"><h4 class=\"uagb-heading-text\"><strong><strong>Cena po jedinici (50 minuta) 80 \u20ac<\/strong><\/strong><\/h4><\/div>\n<\/div>\n<\/div><\/details>\n<\/div>\n<\/div>\n\n\n\n<div class=\"wp-block-uagb-container uagb-block-fa216649\"><\/div>\n<\/div><\/div>","protected":false},"excerpt":{"rendered":"<p>\u017divotinje i ljudi Na\u0161a \u0161tala za jahanje nalazi se na idili\u010dnoj lokaciji na periferiji Be\u010da, na ivici Lobaua. Ovde vas pozivamo da u\u017eivate u vrednostima koje \u017eivotinje mogu dati ljudima, bez obzira da li su mladi ili stari, zdravi ili potrebiti, daleko od bilo kakve gu\u017eve i gu\u017eve. Kroz na\u0161e iskustvo u \u017eivotnom i socijalnom [&hellip;]<\/p>\n","protected":false},"author":1,"featured_media":0,"parent":3153,"menu_order":2,"comment_status":"closed","ping_status":"closed","template":"","meta":{"_uag_custom_page_level_css":"","site-sidebar-layout":"default","site-content-layout":"","ast-site-content-layout":"default","site-content-style":"default","site-sidebar-style":"default","ast-global-header-display":"","ast-banner-title-visibility":"","ast-main-header-display":"","ast-hfb-above-header-display":"","ast-hfb-below-header-display":"","ast-hfb-mobile-header-display":"","site-post-title":"disabled","ast-breadcrumbs-content":"","ast-featured-img":"","footer-sml-layout":"","ast-disable-related-posts":"","theme-transparent-header-meta":"","adv-header-id-meta":"","stick-header-meta":"","header-above-stick-meta":"","header-main-stick-meta":"","header-below-stick-meta":"","astra-migrate-meta-layouts":"default","ast-page-background-enabled":"default","ast-page-background-meta":{"desktop":{"background-color":"var(--ast-global-color-4)","background-image":"","background-repeat":"repeat","background-position":"center center","background-size":"auto","background-attachment":"scroll","background-type":"","background-media":"","overlay-type":"","overlay-color":"","overlay-opacity":"","overlay-gradient":""},"tablet":{"background-color":"","background-image":"","background-repeat":"repeat","background-position":"center center","background-size":"auto","background-attachment":"scroll","background-type":"","background-media":"","overlay-type":"","overlay-color":"","overlay-opacity":"","overlay-gradient":""},"mobile":{"background-color":"","background-image":"","background-repeat":"repeat","background-position":"center center","background-size":"auto","background-attachment":"scroll","background-type":"","background-media":"","overlay-type":"","overlay-color":"","overlay-opacity":"","overlay-gradient":""}},"ast-content-background-meta":{"desktop":{"background-color":"var(--ast-global-color-5)","background-image":"","background-repeat":"repeat","background-position":"center center","background-size":"auto","background-attachment":"scroll","background-type":"","background-media":"","overlay-type":"","overlay-color":"","overlay-opacity":"","overlay-gradient":""},"tablet":{"background-color":"var(--ast-global-color-5)","background-image":"","background-repeat":"repeat","background-position":"center center","background-size":"auto","background-attachment":"scroll","background-type":"","background-media":"","overlay-type":"","overlay-color":"","overlay-opacity":"","overlay-gradient":""},"mobile":{"background-color":"var(--ast-global-color-5)","background-image":"","background-repeat":"repeat","background-position":"center center","background-size":"auto","background-attachment":"scroll","background-type":"","background-media":"","overlay-type":"","overlay-color":"","overlay-opacity":"","overlay-gradient":""}},"_themeisle_gutenberg_block_has_review":false,"footnotes":""},"class_list":["post-3158","page","type-page","status-publish","hentry"],"uagb_featured_image_src":{"full":false,"thumbnail":false,"medium":false,"medium_large":false,"large":false,"1536x1536":false,"2048x2048":false,"trp-custom-language-flag":false},"uagb_author_info":{"display_name":"admin","author_link":"https:\/\/teamledl.at\/sr\/author\/admin\/"},"uagb_comment_info":0,"uagb_excerpt":"\u017divotinje i ljudi Na\u0161a \u0161tala za jahanje nalazi se na idili\u010dnoj lokaciji na periferiji Be\u010da, na ivici Lobaua. Ovde vas pozivamo da u\u017eivate u vrednostima koje \u017eivotinje mogu dati ljudima, bez obzira da li su mladi ili stari, zdravi ili potrebiti, daleko od bilo kakve gu\u017eve i gu\u017eve. Kroz na\u0161e iskustvo u \u017eivotnom i socijalnom&hellip;","_links":{"self":[{"href":"https:\/\/teamledl.at\/sr\/wp-json\/wp\/v2\/pages\/3158","targetHints":{"allow":["GET"]}}],"collection":[{"href":"https:\/\/teamledl.at\/sr\/wp-json\/wp\/v2\/pages"}],"about":[{"href":"https:\/\/teamledl.at\/sr\/wp-json\/wp\/v2\/types\/page"}],"author":[{"embeddable":true,"href":"https:\/\/teamledl.at\/sr\/wp-json\/wp\/v2\/users\/1"}],"replies":[{"embeddable":true,"href":"https:\/\/teamledl.at\/sr\/wp-json\/wp\/v2\/comments?post=3158"}],"version-history":[{"count":3,"href":"https:\/\/teamledl.at\/sr\/wp-json\/wp\/v2\/pages\/3158\/revisions"}],"predecessor-version":[{"id":3479,"href":"https:\/\/teamledl.at\/sr\/wp-json\/wp\/v2\/pages\/3158\/revisions\/3479"}],"up":[{"embeddable":true,"href":"https:\/\/teamledl.at\/sr\/wp-json\/wp\/v2\/pages\/3153"}],"wp:attachment":[{"href":"https:\/\/teamledl.at\/sr\/wp-json\/wp\/v2\/media?parent=3158"}],"curies":[{"name":"wp","href":"https:\/\/api.w.org\/{rel}","templated":true}]}}