{"id":3159,"date":"2024-11-05T20:28:21","date_gmt":"2024-11-05T19:28:21","guid":{"rendered":"https:\/\/teamledl.at\/?page_id=3159"},"modified":"2024-11-05T20:28:21","modified_gmt":"2024-11-05T19:28:21","slug":"praksa","status":"publish","type":"page","link":"https:\/\/teamledl.at\/sr\/o-nama\/praksa\/","title":{"rendered":"Praksa"},"content":{"rendered":"<div class=\"wp-block-uagb-container uagb-block-1c76e97b alignfull uagb-is-root-container\">\n<div class=\"wp-block-uagb-container uagb-block-19cfe263\">\n<div class=\"wp-block-uagb-advanced-heading uagb-block-a91a2455\"><h2 class=\"uagb-heading-text\">Praksa<\/h2><\/div>\n\n\n\n<div class=\"wp-block-uagb-advanced-heading uagb-block-b67aec82\"><p class=\"uagb-heading-text\">Praksa u \u0161koli jezika u Pratersternu \u2013 praksa za studente i diplomce<\/p><\/div>\n<\/div>\n\n\n\n<div class=\"uagb-position__sticky wp-block-uagb-container uag-blocks-common-selector uagb-block-412a05ad default uagb-is-root-container\">      \n\t\t\t<div class=\"uagb-icon-wrapper uagb-block-7a2165ab\"\n\t\t\tstyle=\"\" >\n\t\t\t\t\t\t\t\t\t<span class=\"uagb-svg-wrapper\" \n\t\t\t\t\t aria-label=\"phone\"\t\t\t\t\ttabindex=\"0\">\t\t\n\t\t\t\t\t\t\t\t\t\t<a rel=\"noopener noreferrer\" href=\"tel:+43%20(0)%201%20890%2027%2009\" target=\"_self\"><svg xmlns=\"https:\/\/www.w3.org\/2000\/svg\" viewbox= \"0 0 512 512\" role=\"graphics-symbol\" aria-hidden=\"false\" aria-label=\"\"><path d=\"M511.2 387l-23.25 100.8c-3.266 14.25-15.79 24.22-30.46 24.22C205.2 512 0 306.8 0 54.5c0-14.66 9.969-27.2 24.22-30.45l100.8-23.25C139.7-2.602 154.7 5.018 160.8 18.92l46.52 108.5c5.438 12.78 1.77 27.67-8.98 36.45L144.5 207.1c33.98 69.22 90.26 125.5 159.5 159.5l44.08-53.8c8.688-10.78 23.69-14.51 36.47-8.975l108.5 46.51C506.1 357.2 514.6 372.4 511.2 387z\"><\/path><\/svg><\/a>\n\t\t\t\t\t\t\t\t\t<\/span>\n\t\t\t\t\t\t\t<\/div>\n\t\t\t\n\n      \n\t\t\t<div class=\"uagb-icon-wrapper uagb-block-c2792afa\"\n\t\t\tstyle=\"\" >\n\t\t\t\t\t\t\t\t\t<span class=\"uagb-svg-wrapper\" \n\t\t\t\t\t aria-label=\"envelope\"\t\t\t\t\ttabindex=\"0\">\t\t\n\t\t\t\t\t\t\t\t\t\t<a rel=\"noopener noreferrer\" href=\"mailto:office@teamledl.at\" target=\"_self\"><svg xmlns=\"https:\/\/www.w3.org\/2000\/svg\" viewbox= \"0 0 512 512\" role=\"graphics-symbol\" aria-hidden=\"false\" aria-label=\"\"><path d=\"M464 64C490.5 64 512 85.49 512 112C512 127.1 504.9 141.3 492.8 150.4L275.2 313.6C263.8 322.1 248.2 322.1 236.8 313.6L19.2 150.4C7.113 141.3 0 127.1 0 112C0 85.49 21.49 64 48 64H464zM217.6 339.2C240.4 356.3 271.6 356.3 294.4 339.2L512 176V384C512 419.3 483.3 448 448 448H64C28.65 448 0 419.3 0 384V176L217.6 339.2z\"><\/path><\/svg><\/a>\n\t\t\t\t\t\t\t\t\t<\/span>\n\t\t\t\t\t\t\t<\/div>\n\t\t\t<\/div>\n<\/div>\n\n\n\n<div class=\"wp-block-uagb-container uagb-block-1822f821 alignfull uagb-is-root-container\">\n<div class=\"wp-block-uagb-container uagb-block-b290f114\">\n<div class=\"wp-block-uagb-advanced-heading uagb-block-901e5849\"><p class=\"uagb-heading-text\">Ako se osec\u0301ate inspirisanim da provedete du\u017ei vremenski period u Be\u010du, onda ne oklevajte da se prijavite za praksu kod nas. Preporu\u010dujemo vam da odvojite najmanje \u010detiri nedelje za sta\u017eiranje kako biste bili sigurni da se mo\u017eete neprimetno integrisati u svakodnevni \u0161kolski \u017eivot.<\/p><\/div>\n\n\n\n<div class=\"wp-block-uagb-advanced-heading uagb-block-b0ac36ad\"><p class=\"uagb-heading-text\">Maksimalni period za sta\u017eiranje je 6 meseci.<\/p><\/div>\n\n\n\n<div class=\"wp-block-uagb-advanced-heading uagb-block-6bdb17b0\"><p class=\"uagb-heading-text\"><strong>Recite nam koji razlozi vas motivi\u0161u da odradite praksu kod nas.<\/strong><\/p><\/div>\n\n\n\n<div class=\"wp-block-uagb-advanced-heading uagb-block-fba2dde3\"><p class=\"uagb-heading-text\"><strong><strong>Molimo vas da nam po\u0161aljete dokumentaciju za prijavu na sledec\u0301u adresu: <a href=\"mailto:office@teamledl.at\">office@teamledl.at<\/a><\/strong><\/strong><\/p><\/div>\n<\/div>\n\n\n\n<div class=\"wp-block-uagb-container uagb-block-7dab6139\"><style id=\"wpforms-css-vars-root\">\n\t\t\t\t:root {\n\t\t\t\t\t--wpforms-field-border-radius: 3px;\n--wpforms-field-border-style: solid;\n--wpforms-field-border-size: 1px;\n--wpforms-field-background-color: #ffffff;\n--wpforms-field-border-color: rgba( 0, 0, 0, 0.25 );\n--wpforms-field-border-color-spare: rgba( 0, 0, 0, 0.25 );\n--wpforms-field-text-color: rgba( 0, 0, 0, 0.7 );\n--wpforms-field-menu-color: #ffffff;\n--wpforms-label-color: rgba( 0, 0, 0, 0.85 );\n--wpforms-label-sublabel-color: rgba( 0, 0, 0, 0.55 );\n--wpforms-label-error-color: #d63637;\n--wpforms-button-border-radius: 3px;\n--wpforms-button-border-style: none;\n--wpforms-button-border-size: 1px;\n--wpforms-button-background-color: #066aab;\n--wpforms-button-border-color: #066aab;\n--wpforms-button-text-color: #ffffff;\n--wpforms-page-break-color: #066aab;\n--wpforms-background-image: none;\n--wpforms-background-position: center center;\n--wpforms-background-repeat: no-repeat;\n--wpforms-background-size: cover;\n--wpforms-background-width: 100px;\n--wpforms-background-height: 100px;\n--wpforms-background-color: rgba( 0, 0, 0, 0 );\n--wpforms-background-url: none;\n--wpforms-container-padding: 0px;\n--wpforms-container-border-style: none;\n--wpforms-container-border-width: 1px;\n--wpforms-container-border-color: #000000;\n--wpforms-container-border-radius: 3px;\n--wpforms-field-size-input-height: 43px;\n--wpforms-field-size-input-spacing: 15px;\n--wpforms-field-size-font-size: 16px;\n--wpforms-field-size-line-height: 19px;\n--wpforms-field-size-padding-h: 14px;\n--wpforms-field-size-checkbox-size: 16px;\n--wpforms-field-size-sublabel-spacing: 5px;\n--wpforms-field-size-icon-size: 1;\n--wpforms-label-size-font-size: 16px;\n--wpforms-label-size-line-height: 19px;\n--wpforms-label-size-sublabel-font-size: 14px;\n--wpforms-label-size-sublabel-line-height: 17px;\n--wpforms-button-size-font-size: 17px;\n--wpforms-button-size-height: 41px;\n--wpforms-button-size-padding-h: 15px;\n--wpforms-button-size-margin-top: 10px;\n--wpforms-container-shadow-size-box-shadow: none;\n\n\t\t\t\t}\n\t\t\t<\/style><style id=\"wpforms-css-vars-1826-block-e077e625-8478-4599-9078-2f1bd925287b\">\n\t\t\t\t#wpforms-1826.wpforms-block-e077e625-8478-4599-9078-2f1bd925287b {\n\t\t\t\t\t--wpforms-label-color: var(--ast-global-color-5);\n--wpforms-button-border-radius: 0px;\n--wpforms-button-background-color: #45ac34;\n--wpforms-button-size-font-size: 20px;\n--wpforms-button-size-height: 48px;\n--wpforms-button-size-padding-h: 20px;\n--wpforms-button-size-margin-top: 15px;\n\n\t\t\t\t}\n\t\t\t<\/style><div class=\"wpforms-container wpforms-container-full wpforms-block wpforms-block-e077e625-8478-4599-9078-2f1bd925287b jobangebote wpforms-render-modern\" id=\"wpforms-1826\"><form id=\"wpforms-form-1826\" class=\"wpforms-validate wpforms-form wpforms-ajax-form\" data-formid=\"1826\" method=\"post\" enctype=\"multipart\/form-data\" action=\"\/sr\/wp-json\/wp\/v2\/pages\/3159?wpforms_form_id=1826\" data-token=\"a313a8569792e4be7504beb6c879e912\" data-token-time=\"1776078228\" data-trp-original-action=\"\/sr\/wp-json\/wp\/v2\/pages\/3159?wpforms_form_id=1826\"><noscript class=\"wpforms-error-noscript\">Please enable JavaScript in your browser to complete this form.<\/noscript><div class=\"wpforms-hidden\" id=\"wpforms-error-noscript\">Please enable JavaScript in your browser to complete this form.<\/div><div class=\"wpforms-field-container\"><div id=\"wpforms-1826-field_6-container\" class=\"wpforms-field wpforms-field-content jobangebote-text\" data-field-type=\"content\" data-field-id=\"6\"><div id=\"wpforms-1826-field_6\" class=\"wpforms-field-medium wpforms-field-row\" aria-errormessage=\"wpforms-1826-field_6-error\"><p><strong>Bewerbung f\u00fcr ein Praktikum bei uns<\/strong><\/p>\n<div class=\"wpforms-field-content-display-frontend-clear\"><\/div><\/div><\/div><div id=\"wpforms-1826-field_1-container\" class=\"wpforms-field wpforms-field-name jobangebote-name\" data-field-type=\"name\" data-field-id=\"1\"><label class=\"wpforms-field-label wpforms-label-hide\" for=\"wpforms-1826-field_1\" aria-hidden=\"false\">Ime: <span class=\"wpforms-required-label\" aria-hidden=\"true\">*<\/span><\/label><input type=\"text\" id=\"wpforms-1826-field_1\" class=\"wpforms-field-large wpforms-field-required\" name=\"wpforms[fields][1]\" placeholder=\"Ime, Prezime\" aria-errormessage=\"wpforms-1826-field_1-error\" required><\/div><div id=\"wpforms-1826-field_10-container\" class=\"wpforms-field wpforms-field-phone jobangebote-phone\" data-field-type=\"phone\" data-field-id=\"10\"><label class=\"wpforms-field-label wpforms-label-hide\" for=\"wpforms-1826-field_10\" aria-hidden=\"false\">Telefon: <span class=\"wpforms-required-label\" aria-hidden=\"true\">*<\/span><\/label><input type=\"tel\" id=\"wpforms-1826-field_10\" class=\"wpforms-field-large wpforms-field-required wpforms-smart-phone-field\" data-rule-smart-phone-field=\"true\" name=\"wpforms[fields][10]\" placeholder=\"+43 123456789\" aria-label=\"Telefon:\" aria-errormessage=\"wpforms-1826-field_10-error\" required><\/div><div id=\"wpforms-1826-field_2-container\" class=\"wpforms-field wpforms-field-email jobangebote-email\" data-field-type=\"email\" data-field-id=\"2\"><label class=\"wpforms-field-label wpforms-label-hide\" for=\"wpforms-1826-field_2\" aria-hidden=\"false\">Email <span class=\"wpforms-required-label\" aria-hidden=\"true\">*<\/span><\/label><input type=\"email\" id=\"wpforms-1826-field_2\" class=\"wpforms-field-large wpforms-field-required\" name=\"wpforms[fields][2]\" placeholder=\"vasemail@mail.com\" spellcheck=\"false\" aria-errormessage=\"wpforms-1826-field_2-error\" required><\/div><div id=\"wpforms-1826-field_5-container\" class=\"wpforms-field wpforms-field-file-upload jobangebote-cv\" data-field-type=\"file-upload\" data-field-id=\"5\"><label class=\"wpforms-field-label\" for=\"wpforms-1826-field_5\">Dodajte svoju biografiju i druge dokumente <span class=\"wpforms-required-label\" aria-hidden=\"true\">*<\/span><\/label><div\n\t\tclass=\"wpforms-uploader\"\n\t\tdata-field-id=\"5\"\n\t\tdata-form-id=\"1826\"\n\t\tdata-input-name=\"wpforms_1826_5\"\n\t\tdata-extensions=\"jpg,jpeg,jpe,gif,png,bmp,tiff,tif,webp,avif,ico,heic,heif,heics,heifs,asf,asx,wmv,wmx,wm,avi,divx,mov,qt,mpeg,mpg,mpe,mp4,m4v,ogv,webm,mkv,3gp,3gpp,3g2,3gp2,txt,asc,c,cc,h,srt,csv,tsv,ics,rtx,css,vtt,mp3,m4a,m4b,aac,ra,ram,wav,x-wav,ogg,oga,flac,mid,midi,wma,wax,mka,rtf,pdf,class,tar,zip,gz,gzip,rar,7z,psd,xcf,doc,pot,pps,ppt,wri,xla,xls,xlt,xlw,mpp,docx,docm,dotx,dotm,xlsx,xlsm,xlsb,xltx,xltm,xlam,pptx,pptm,ppsx,ppsm,potx,potm,ppam,sldx,sldm,onetoc,onetoc2,onepkg,oxps,xps,odt,odp,ods,odg,odc,odb,odf,wp,wpd,key,numbers,pages,json,lottie,svg,svgz\"\n\t\tdata-max-size=\"268435456\"\n\t\tdata-max-file-number=\"1\"\n\t\tdata-post-max-size=\"268435456\"\n\t\tdata-max-parallel-uploads=\"4\"\n\t\tdata-parallel-uploads=\"true\"\n\t\tdata-file-chunk-size=\"2097152\">\n\t<div class=\"dz-message\">\n\t\t<svg viewbox=\"0 0 1024 1024\" focusable=\"false\" data-icon=\"inbox\" width=\"50px\" height=\"50px\" fill=\"currentColor\" aria-hidden=\"true\">\n\t\t\t<path d=\"M885.2 446.3l-.2-.8-112.2-285.1c-5-16.1-19.9-27.2-36.8-27.2H281.2c-17 0-32.1 11.3-36.9 27.6L139.4 443l-.3.7-.2.8c-1.3 4.9-1.7 9.9-1 14.8-.1 1.6-.2 3.2-.2 4.8V830a60.9 60.9 0 0 0 60.8 60.8h627.2c33.5 0 60.8-27.3 60.9-60.8V464.1c0-1.3 0-2.6-.1-3.7.4-4.9 0-9.6-1.3-14.1zm-295.8-43l-.3 15.7c-.8 44.9-31.8 75.1-77.1 75.1-22.1 0-41.1-7.1-54.8-20.6S436 441.2 435.6 419l-.3-15.7H229.5L309 210h399.2l81.7 193.3H589.4zm-375 76.8h157.3c24.3 57.1 76 90.8 140.4 90.8 33.7 0 65-9.4 90.3-27.2 22.2-15.6 39.5-37.4 50.7-63.6h156.5V814H214.4V480.1z\"><\/path>\n\t\t<\/svg>\n\t\t<span class=\"modern-title\">Click or drag a file to this area to upload.<\/span>\n\n\t\t\t<\/div>\n<\/div>\n<input\n\t\ttype=\"text\"\n\t\tautocomplete=\"off\"\n\t\treadonly\n\t\tclass=\"dropzone-input\"\n\t\tstyle=\"position:absolute!important;clip:rect(0,0,0,0)!important;height:1px!important;width:1px!important;border:0!important;overflow:hidden!important;padding:0!important;margin:0!important;\"\n\t\tid=\"wpforms-1826-field_5\"\n\t\tname=\"wpforms_1826_5\" required\t\tvalue=\"\">\n<\/div><div id=\"wpforms-1826-field_9-container\" class=\"wpforms-field wpforms-field-textarea\" data-field-type=\"textarea\" data-field-id=\"9\"><label class=\"wpforms-field-label\" for=\"wpforms-1826-field_9\">Was motiviert Sie, Ihr Praktikum bei uns zu absolvieren? <\/label><textarea id=\"wpforms-1826-field_9\" class=\"wpforms-field-medium\" name=\"wpforms[fields][9]\" aria-errormessage=\"wpforms-1826-field_9-error\" ><\/textarea><\/div><\/div><!-- .wpforms-field-container --><div class=\"wpforms-recaptcha-container wpforms-is-recaptcha wpforms-is-recaptcha-type-invisible\" ><div class=\"g-recaptcha\" data-sitekey=\"6LcE3DUqAAAAAFq0RJXzhBxtN7fxfvHAgPMBchLA\" data-badge=\"inline\" data-size=\"invisible\"><\/div><\/div><div class=\"wpforms-submit-container\" ><input type=\"hidden\" name=\"wpforms[id]\" value=\"1826\"><input type=\"hidden\" name=\"page_title\" value=\"\"><input type=\"hidden\" name=\"page_url\" value=\"https:\/\/teamledl.at\/sr\/wp-json\/wp\/v2\/pages\/3159\"><button type=\"submit\" name=\"wpforms[submit]\" id=\"wpforms-submit-1826\" class=\"wpforms-submit\" data-alt-text=\"Versendung...\" data-submit-text=\"Versenden\" aria-live=\"assertive\" value=\"wpforms-submit\">Po\u0161alji<\/button><img decoding=\"async\" src=\"https:\/\/teamledl.at\/wp-content\/plugins\/wpforms\/assets\/images\/submit-spin.svg\" class=\"wpforms-submit-spinner\" style=\"display: none;\" width=\"26\" height=\"26\" alt=\"Loading\"><\/div><input type=\"hidden\" name=\"trp-form-language\" value=\"sr\"\/><\/form><\/div>  <!-- .wpforms-container --><\/div>\n<\/div>","protected":false},"excerpt":{"rendered":"<p>Praksa Praksa u \u0161koli jezika u Pratersternu \u2013 praksa za studente i diplomce Ako se osec\u0301ate inspirisanim da provedete du\u017ei vremenski period u Be\u010du, onda ne oklevajte da se prijavite za praksu kod nas. Preporu\u010dujemo vam da odvojite najmanje \u010detiri nedelje za sta\u017eiranje kako biste bili sigurni da se mo\u017eete neprimetno integrisati u svakodnevni \u0161kolski [&hellip;]<\/p>","protected":false},"author":1,"featured_media":0,"parent":3153,"menu_order":3,"comment_status":"closed","ping_status":"closed","template":"","meta":{"_uag_custom_page_level_css":"","site-sidebar-layout":"default","site-content-layout":"","ast-site-content-layout":"default","site-content-style":"default","site-sidebar-style":"default","ast-global-header-display":"","ast-banner-title-visibility":"","ast-main-header-display":"","ast-hfb-above-header-display":"","ast-hfb-below-header-display":"","ast-hfb-mobile-header-display":"","site-post-title":"disabled","ast-breadcrumbs-content":"","ast-featured-img":"","footer-sml-layout":"","ast-disable-related-posts":"","theme-transparent-header-meta":"","adv-header-id-meta":"","stick-header-meta":"","header-above-stick-meta":"","header-main-stick-meta":"","header-below-stick-meta":"","astra-migrate-meta-layouts":"default","ast-page-background-enabled":"default","ast-page-background-meta":{"desktop":{"background-color":"var(--ast-global-color-4)","background-image":"","background-repeat":"repeat","background-position":"center center","background-size":"auto","background-attachment":"scroll","background-type":"","background-media":"","overlay-type":"","overlay-color":"","overlay-opacity":"","overlay-gradient":""},"tablet":{"background-color":"","background-image":"","background-repeat":"repeat","background-position":"center center","background-size":"auto","background-attachment":"scroll","background-type":"","background-media":"","overlay-type":"","overlay-color":"","overlay-opacity":"","overlay-gradient":""},"mobile":{"background-color":"","background-image":"","background-repeat":"repeat","background-position":"center center","background-size":"auto","background-attachment":"scroll","background-type":"","background-media":"","overlay-type":"","overlay-color":"","overlay-opacity":"","overlay-gradient":""}},"ast-content-background-meta":{"desktop":{"background-color":"var(--ast-global-color-5)","background-image":"","background-repeat":"repeat","background-position":"center center","background-size":"auto","background-attachment":"scroll","background-type":"","background-media":"","overlay-type":"","overlay-color":"","overlay-opacity":"","overlay-gradient":""},"tablet":{"background-color":"var(--ast-global-color-5)","background-image":"","background-repeat":"repeat","background-position":"center center","background-size":"auto","background-attachment":"scroll","background-type":"","background-media":"","overlay-type":"","overlay-color":"","overlay-opacity":"","overlay-gradient":""},"mobile":{"background-color":"var(--ast-global-color-5)","background-image":"","background-repeat":"repeat","background-position":"center center","background-size":"auto","background-attachment":"scroll","background-type":"","background-media":"","overlay-type":"","overlay-color":"","overlay-opacity":"","overlay-gradient":""}},"_themeisle_gutenberg_block_has_review":false,"footnotes":""},"class_list":["post-3159","page","type-page","status-publish","hentry"],"uagb_featured_image_src":{"full":false,"thumbnail":false,"medium":false,"medium_large":false,"large":false,"1536x1536":false,"2048x2048":false,"trp-custom-language-flag":false},"uagb_author_info":{"display_name":"admin","author_link":"https:\/\/teamledl.at\/sr\/author\/admin\/"},"uagb_comment_info":0,"uagb_excerpt":"Praksa Praksa u \u0161koli jezika u Pratersternu \u2013 praksa za studente i diplomce Ako se osec\u0301ate inspirisanim da provedete du\u017ei vremenski period u Be\u010du, onda ne oklevajte da se prijavite za praksu kod nas. Preporu\u010dujemo vam da odvojite najmanje \u010detiri nedelje za sta\u017eiranje kako biste bili sigurni da se mo\u017eete neprimetno integrisati u svakodnevni \u0161kolski&hellip;","_links":{"self":[{"href":"https:\/\/teamledl.at\/sr\/wp-json\/wp\/v2\/pages\/3159","targetHints":{"allow":["GET"]}}],"collection":[{"href":"https:\/\/teamledl.at\/sr\/wp-json\/wp\/v2\/pages"}],"about":[{"href":"https:\/\/teamledl.at\/sr\/wp-json\/wp\/v2\/types\/page"}],"author":[{"embeddable":true,"href":"https:\/\/teamledl.at\/sr\/wp-json\/wp\/v2\/users\/1"}],"replies":[{"embeddable":true,"href":"https:\/\/teamledl.at\/sr\/wp-json\/wp\/v2\/comments?post=3159"}],"version-history":[{"count":1,"href":"https:\/\/teamledl.at\/sr\/wp-json\/wp\/v2\/pages\/3159\/revisions"}],"predecessor-version":[{"id":3169,"href":"https:\/\/teamledl.at\/sr\/wp-json\/wp\/v2\/pages\/3159\/revisions\/3169"}],"up":[{"embeddable":true,"href":"https:\/\/teamledl.at\/sr\/wp-json\/wp\/v2\/pages\/3153"}],"wp:attachment":[{"href":"https:\/\/teamledl.at\/sr\/wp-json\/wp\/v2\/media?parent=3159"}],"curies":[{"name":"wp","href":"https:\/\/api.w.org\/{rel}","templated":true}]}}