{"id":3160,"date":"2024-11-05T20:28:21","date_gmt":"2024-11-05T19:28:21","guid":{"rendered":"https:\/\/teamledl.at\/?page_id=3160"},"modified":"2024-11-05T20:28:21","modified_gmt":"2024-11-05T19:28:21","slug":"mentorstvo","status":"publish","type":"page","link":"https:\/\/teamledl.at\/sr\/o-nama\/mentorstvo\/","title":{"rendered":"Mentorstvo"},"content":{"rendered":"<div class=\"wp-block-uagb-container uagb-block-1ececc70 alignfull uagb-is-root-container\">\n<div class=\"wp-block-uagb-container uagb-block-ac3334db\">\n<div class=\"wp-block-uagb-advanced-heading uagb-block-9866d22f\"><h1 class=\"uagb-heading-text\">Mentorstvo<\/h1><\/div>\n\n\n\n<div class=\"wp-block-uagb-advanced-heading uagb-block-ce69dca1\"><p class=\"uagb-heading-text\">Na\u0161a ponuda uklju\u010duje podu\u010davanje za sve nivoe i vrste \u0161kola u individualnoj ili grupnoj nastavi po fer cenama.<br><br>Pored u\u010denika svih uzrasta, rado brinemo i o pripravnicima i onima koji su ina\u010de zainteresovani i entuzijasti\u010dni za u\u010denje.<\/p><\/div>\n<\/div>\n\n\n\n<div class=\"uagb-position__sticky wp-block-uagb-container uag-blocks-common-selector uagb-block-f9499e20\">      \n\t\t\t<div class=\"uagb-icon-wrapper uagb-block-7a2165ab\"\n\t\t\tstyle=\"\" >\n\t\t\t\t\t\t\t\t\t<span class=\"uagb-svg-wrapper\" \n\t\t\t\t\t aria-label=\"phone\"\t\t\t\t\ttabindex=\"0\">\t\t\n\t\t\t\t\t\t\t\t\t\t<a rel=\"noopener noreferrer\" href=\"tel:+43%20(0)%201%20890%2027%2009\" target=\"_self\"><svg xmlns=\"https:\/\/www.w3.org\/2000\/svg\" viewbox= \"0 0 512 512\" role=\"graphics-symbol\" aria-hidden=\"false\" aria-label=\"\"><path d=\"M511.2 387l-23.25 100.8c-3.266 14.25-15.79 24.22-30.46 24.22C205.2 512 0 306.8 0 54.5c0-14.66 9.969-27.2 24.22-30.45l100.8-23.25C139.7-2.602 154.7 5.018 160.8 18.92l46.52 108.5c5.438 12.78 1.77 27.67-8.98 36.45L144.5 207.1c33.98 69.22 90.26 125.5 159.5 159.5l44.08-53.8c8.688-10.78 23.69-14.51 36.47-8.975l108.5 46.51C506.1 357.2 514.6 372.4 511.2 387z\"><\/path><\/svg><\/a>\n\t\t\t\t\t\t\t\t\t<\/span>\n\t\t\t\t\t\t\t<\/div>\n\t\t\t\n\n      \n\t\t\t<div class=\"uagb-icon-wrapper uagb-block-c2792afa\"\n\t\t\tstyle=\"\" >\n\t\t\t\t\t\t\t\t\t<span class=\"uagb-svg-wrapper\" \n\t\t\t\t\t aria-label=\"envelope\"\t\t\t\t\ttabindex=\"0\">\t\t\n\t\t\t\t\t\t\t\t\t\t<a rel=\"noopener noreferrer\" href=\"mailto:office@teamledl.at\" target=\"_self\"><svg xmlns=\"https:\/\/www.w3.org\/2000\/svg\" viewbox= \"0 0 512 512\" role=\"graphics-symbol\" aria-hidden=\"false\" aria-label=\"\"><path d=\"M464 64C490.5 64 512 85.49 512 112C512 127.1 504.9 141.3 492.8 150.4L275.2 313.6C263.8 322.1 248.2 322.1 236.8 313.6L19.2 150.4C7.113 141.3 0 127.1 0 112C0 85.49 21.49 64 48 64H464zM217.6 339.2C240.4 356.3 271.6 356.3 294.4 339.2L512 176V384C512 419.3 483.3 448 448 448H64C28.65 448 0 419.3 0 384V176L217.6 339.2z\"><\/path><\/svg><\/a>\n\t\t\t\t\t\t\t\t\t<\/span>\n\t\t\t\t\t\t\t<\/div>\n\t\t\t<\/div>\n<\/div>\n\n\n\n<div class=\"wp-block-uagb-container uagb-block-daaf157b default uagb-is-root-container\">\n<div class=\"wp-block-uagb-advanced-heading uagb-block-859cadda\"><h4 class=\"uagb-heading-text\">Ponuda<\/h4><\/div>\n\n\n\n<div class=\"wp-block-uagb-advanced-heading uagb-block-2ddf2248\"><p class=\"uagb-heading-text\">Na\u0161e kvalifikovano stru\u010dno osoblje prilago\u0111ava nastavu posebno potrebama na\u0161ih studenata podu\u010davanja i pru\u017ea podr\u0161ku u sledec\u0301im predmetima:<\/p><\/div>\n\n\n\n<div class=\"wp-block-uagb-icon-list uagb-block-c780987d\"><div class=\"uagb-icon-list__wrap\">\n<div class=\"wp-block-uagb-icon-list-child uagb-block-777476b9\"><span class=\"uagb-icon-list__source-wrap\"><svg xmlns=\"https:\/\/www.w3.org\/2000\/svg\" viewbox=\"0 0 512 512\"><path d=\"M0 256C0 114.6 114.6 0 256 0C397.4 0 512 114.6 512 256C512 397.4 397.4 512 256 512C114.6 512 0 397.4 0 256zM256 352C309 352 352 309 352 256C352 202.1 309 160 256 160C202.1 160 160 202.1 160 256C160 309 202.1 352 256 352z\"><\/path><\/svg><\/span><span class=\"uagb-icon-list__label\">Poznavanje nema\u010dkog i op\u0161teg teksta<\/span><\/div>\n\n\n\n<div class=\"wp-block-uagb-icon-list-child uagb-block-2b33a2fc\"><span class=\"uagb-icon-list__source-wrap\"><svg xmlns=\"https:\/\/www.w3.org\/2000\/svg\" viewbox=\"0 0 512 512\"><path d=\"M0 256C0 114.6 114.6 0 256 0C397.4 0 512 114.6 512 256C512 397.4 397.4 512 256 512C114.6 512 0 397.4 0 256zM256 352C309 352 352 309 352 256C352 202.1 309 160 256 160C202.1 160 160 202.1 160 256C160 309 202.1 352 256 352z\"><\/path><\/svg><\/span><span class=\"uagb-icon-list__label\">\u017divi strani jezici (DaZ, engleski, francuski,\u2026)<\/span><\/div>\n\n\n\n<div class=\"wp-block-uagb-icon-list-child uagb-block-04eccbf8\"><span class=\"uagb-icon-list__source-wrap\"><svg xmlns=\"https:\/\/www.w3.org\/2000\/svg\" viewbox=\"0 0 512 512\"><path d=\"M0 256C0 114.6 114.6 0 256 0C397.4 0 512 114.6 512 256C512 397.4 397.4 512 256 512C114.6 512 0 397.4 0 256zM256 352C309 352 352 309 352 256C352 202.1 309 160 256 160C202.1 160 160 202.1 160 256C160 309 202.1 352 256 352z\"><\/path><\/svg><\/span><span class=\"uagb-icon-list__label\">Komercijalni subjekti (ra\u010dunovodstvo i kontroling, biznis i ekonomija,\u2026)<\/span><\/div>\n\n\n\n<div class=\"wp-block-uagb-icon-list-child uagb-block-f3bec310\"><span class=\"uagb-icon-list__source-wrap\"><svg xmlns=\"https:\/\/www.w3.org\/2000\/svg\" viewbox=\"0 0 512 512\"><path d=\"M0 256C0 114.6 114.6 0 256 0C397.4 0 512 114.6 512 256C512 397.4 397.4 512 256 512C114.6 512 0 397.4 0 256zM256 352C309 352 352 309 352 256C352 202.1 309 160 256 160C202.1 160 160 202.1 160 256C160 309 202.1 352 256 352z\"><\/path><\/svg><\/span><span class=\"uagb-icon-list__label\">MINT (matematika, informatika, geografija, fizika, tehni\u010dki predmeti)<\/span><\/div>\n\n\n\n<div class=\"wp-block-uagb-icon-list-child uagb-block-0e0caa23\"><span class=\"uagb-icon-list__source-wrap\"><svg xmlns=\"https:\/\/www.w3.org\/2000\/svg\" viewbox=\"0 0 512 512\"><path d=\"M0 256C0 114.6 114.6 0 256 0C397.4 0 512 114.6 512 256C512 397.4 397.4 512 256 512C114.6 512 0 397.4 0 256zM256 352C309 352 352 309 352 256C352 202.1 309 160 256 160C202.1 160 160 202.1 160 256C160 309 202.1 352 256 352z\"><\/path><\/svg><\/span><span class=\"uagb-icon-list__label\">Primenjene ra\u010dunarske nauke (MS Office, Photoshop, InDesign,\u2026)<\/span><\/div>\n<\/div><\/div>\n<\/div>\n\n\n\n<div class=\"wp-block-uagb-container uagb-block-a157c9f0 alignfull uagb-is-root-container\">\n<div class=\"wp-block-uagb-container uagb-block-2cd83789 default uagb-is-root-container\">\n<div class=\"wp-block-uagb-advanced-heading uagb-block-a8efc9c8\"><h4 class=\"uagb-heading-text\">Cene<\/h4><\/div>\n\n\n\n<div class=\"wp-block-uagb-advanced-heading uagb-block-dec6b95b\"><p class=\"uagb-heading-text\">U skladu sa na\u0161im motom \u201ePriu\u0161tivo\u201c, nudimo razli\u010dite oblike podu\u010davanja. To uklju\u010duje \u010dasove u malim grupama i individualne \u010dasove.<br><br>Mo\u017eete se pridru\u017eiti na\u0161em programu bez kotizacije iu bilo kom trenutku.<br><br>Nastava u malim grupama (2-6 u\u010denika)<br><br>Grupni kursevi traju 90 minuta po jedinici i imaju fiksno nedeljno vreme.<br><br>U\u010de\u0161c\u0301e na grupnim kursevima moguc\u0301e je samo uz anga\u017eovanje jednog semestra (6 nastavnih meseci). Grupni kursevi se odr\u017eavaju kao duple jedinice (90 minuta) nedeljno. Mese\u010dni tro\u0161kovi kursa su <strong>80 \u20ac<\/strong>.<br><br>Ponu\u0111eno trajanje grupnih kurseva od jednog semestra ili 6 nastavnih meseci odnosi se isklju\u010divo na vreme u toku \u0161kolske godine. Grupna nastava se ne nudi tokom letnjeg raspusta sa postojec\u0301im grupama iz letnjeg semestra.<\/p><\/div>\n<\/div>\n<\/div>\n\n\n\n<div class=\"wp-block-uagb-container uagb-block-fe494713 alignfull uagb-is-root-container\">\n<div class=\"wp-block-uagb-container uagb-block-214eaedd default uagb-is-root-container\">\n<div class=\"wp-block-uagb-advanced-heading uagb-block-50632b17\"><h4 class=\"uagb-heading-text\"><strong>Individualne lekcije<\/strong><\/h4><\/div>\n\n\n\n<div class=\"wp-block-uagb-advanced-heading uagb-block-804baf3b\"><p class=\"uagb-heading-text\">Pored \u010dasova u malim grupama, nudimo i individualno podu\u010davanje za svaki predmet iz na\u0161eg asortimana. Termini se moraju dogovoriti pojedina\u010dno po sledec\u0301im tarifama:<\/p><\/div>\n\n\n\n<div class=\"wp-block-uagb-advanced-heading uagb-block-0b3e682c\"><p class=\"uagb-heading-text\">1 jedinica (= 45 min.)                 => <strong>\u20ac 25,-<\/strong><br>Dvostruka jedinica (= 90 min.) => <strong>\u20ac 50,-<\/strong><\/p><\/div>\n<\/div>\n<\/div>\n\n\n\n<div class=\"wp-block-uagb-container uagb-block-adccd3f6 default uagb-is-root-container\"><style id=\"wpforms-css-vars-root\">\n\t\t\t\t:root {\n\t\t\t\t\t--wpforms-field-border-radius: 3px;\n--wpforms-field-border-style: solid;\n--wpforms-field-border-size: 1px;\n--wpforms-field-background-color: #ffffff;\n--wpforms-field-border-color: rgba( 0, 0, 0, 0.25 );\n--wpforms-field-border-color-spare: rgba( 0, 0, 0, 0.25 );\n--wpforms-field-text-color: rgba( 0, 0, 0, 0.7 );\n--wpforms-field-menu-color: #ffffff;\n--wpforms-label-color: rgba( 0, 0, 0, 0.85 );\n--wpforms-label-sublabel-color: rgba( 0, 0, 0, 0.55 );\n--wpforms-label-error-color: #d63637;\n--wpforms-button-border-radius: 3px;\n--wpforms-button-border-style: none;\n--wpforms-button-border-size: 1px;\n--wpforms-button-background-color: #066aab;\n--wpforms-button-border-color: #066aab;\n--wpforms-button-text-color: #ffffff;\n--wpforms-page-break-color: #066aab;\n--wpforms-background-image: none;\n--wpforms-background-position: center center;\n--wpforms-background-repeat: no-repeat;\n--wpforms-background-size: cover;\n--wpforms-background-width: 100px;\n--wpforms-background-height: 100px;\n--wpforms-background-color: rgba( 0, 0, 0, 0 );\n--wpforms-background-url: none;\n--wpforms-container-padding: 0px;\n--wpforms-container-border-style: none;\n--wpforms-container-border-width: 1px;\n--wpforms-container-border-color: #000000;\n--wpforms-container-border-radius: 3px;\n--wpforms-field-size-input-height: 43px;\n--wpforms-field-size-input-spacing: 15px;\n--wpforms-field-size-font-size: 16px;\n--wpforms-field-size-line-height: 19px;\n--wpforms-field-size-padding-h: 14px;\n--wpforms-field-size-checkbox-size: 16px;\n--wpforms-field-size-sublabel-spacing: 5px;\n--wpforms-field-size-icon-size: 1;\n--wpforms-label-size-font-size: 16px;\n--wpforms-label-size-line-height: 19px;\n--wpforms-label-size-sublabel-font-size: 14px;\n--wpforms-label-size-sublabel-line-height: 17px;\n--wpforms-button-size-font-size: 17px;\n--wpforms-button-size-height: 41px;\n--wpforms-button-size-padding-h: 15px;\n--wpforms-button-size-margin-top: 10px;\n--wpforms-container-shadow-size-box-shadow: none;\n\n\t\t\t\t}\n\t\t\t<\/style><style id=\"wpforms-css-vars-2122-block-7b08a318-de78-4747-9668-9816c7d5f2cd\">\n\t\t\t\t#wpforms-2122.wpforms-block-7b08a318-de78-4747-9668-9816c7d5f2cd {\n\t\t\t\t\t--wpforms-label-color: #ffffffd9;\n--wpforms-button-background-color: #45ac34;\n\n\t\t\t\t}\n\t\t\t<\/style><div class=\"wpforms-container wpforms-container-full wpforms-block wpforms-block-7b08a318-de78-4747-9668-9816c7d5f2cd nachhilfe-form wpforms-render-modern\" id=\"wpforms-2122\"><form id=\"wpforms-form-2122\" class=\"wpforms-validate wpforms-form wpforms-ajax-form\" data-formid=\"2122\" method=\"post\" enctype=\"multipart\/form-data\" action=\"\/sr\/wp-json\/wp\/v2\/pages\/3160\" data-token=\"18ab10c8818b1567c7d39f5c53500ebf\" data-token-time=\"1775744740\" data-trp-original-action=\"\/sr\/wp-json\/wp\/v2\/pages\/3160\"><noscript class=\"wpforms-error-noscript\">Please enable JavaScript in your browser to complete this form.<\/noscript><div class=\"wpforms-hidden\" id=\"wpforms-error-noscript\">Please enable JavaScript in your browser to complete this form.<\/div><div class=\"wpforms-field-container\"><div id=\"wpforms-2122-field_7-container\" class=\"wpforms-field wpforms-field-name nachhilfe-name\" data-field-type=\"name\" data-field-id=\"7\"><label class=\"wpforms-field-label wpforms-label-hide\" for=\"wpforms-2122-field_7\" aria-hidden=\"false\">Ime: <span class=\"wpforms-required-label\" aria-hidden=\"true\">*<\/span><\/label><input type=\"text\" id=\"wpforms-2122-field_7\" class=\"wpforms-field-large wpforms-field-required\" name=\"wpforms[fields][7]\" placeholder=\"Ime, Prezime\" aria-errormessage=\"wpforms-2122-field_7-error\" required><\/div><div id=\"wpforms-2122-field_8-container\" class=\"wpforms-field wpforms-field-email nachhilfe-mail\" data-field-type=\"email\" data-field-id=\"8\"><label class=\"wpforms-field-label wpforms-label-hide\" for=\"wpforms-2122-field_8\" aria-hidden=\"false\">Email <span class=\"wpforms-required-label\" aria-hidden=\"true\">*<\/span><\/label><input type=\"email\" id=\"wpforms-2122-field_8\" class=\"wpforms-field-large wpforms-field-required\" name=\"wpforms[fields][8]\" placeholder=\"vas@email.com\" spellcheck=\"false\" aria-errormessage=\"wpforms-2122-field_8-error\" required><\/div><div id=\"wpforms-2122-field_11-container\" class=\"wpforms-field wpforms-field-select nachhilfe-start wpforms-field-select-style-modern\" data-field-type=\"select\" data-field-id=\"11\"><label class=\"wpforms-field-label\" for=\"wpforms-2122-field_11\">Start: <span class=\"wpforms-required-label\" aria-hidden=\"true\">*<\/span><\/label><select id=\"wpforms-2122-field_11\" class=\"wpforms-field-large wpforms-field-required choicesjs-select\" data-size-class=\"wpforms-field-row wpforms-field-large\" data-search-enabled=\"\" name=\"wpforms[fields][11]\" required=\"required\"><option value=\"\" class=\"placeholder\" disabled selected='selected'>Poznavanje Nema\u010dkog i pisanja<\/option><option value=\"Deutsch und allgemeine Textkompetenz\" >Poznavanje Nema\u010dkog i pisanja<\/option><option value=\"Lebende Fremdsprachen\" >Ostali jezici<\/option><option value=\"Kaufm\u00e4nnische F\u00e4cher\" >Komercijalni subjekti<\/option><option value=\"MINT\" >MINT<\/option><option value=\"Angewandte Informatik\" >Primenjene ra\u010dunarske nauke<\/option><\/select><\/div><\/div><!-- .wpforms-field-container --><div class=\"wpforms-recaptcha-container wpforms-is-recaptcha wpforms-is-recaptcha-type-invisible\" ><div class=\"g-recaptcha\" data-sitekey=\"6LcE3DUqAAAAAFq0RJXzhBxtN7fxfvHAgPMBchLA\" data-badge=\"inline\" data-size=\"invisible\"><\/div><\/div><div class=\"wpforms-submit-container\" ><input type=\"hidden\" name=\"wpforms[id]\" value=\"2122\"><input type=\"hidden\" name=\"page_title\" value=\"\"><input type=\"hidden\" name=\"page_url\" value=\"https:\/\/teamledl.at\/sr\/wp-json\/wp\/v2\/pages\/3160\"><button type=\"submit\" name=\"wpforms[submit]\" id=\"wpforms-submit-2122\" class=\"wpforms-submit nachhilfe-button\" data-alt-text=\"Senden...\" data-submit-text=\"Anfrage versenden\" aria-live=\"assertive\" value=\"wpforms-submit\">Po\u0161aljite zahtev<\/button><img decoding=\"async\" src=\"https:\/\/teamledl.at\/wp-content\/plugins\/wpforms\/assets\/images\/submit-spin.svg\" class=\"wpforms-submit-spinner\" style=\"display: none;\" width=\"26\" height=\"26\" alt=\"Loading\"><\/div><input type=\"hidden\" name=\"trp-form-language\" value=\"sr\"\/><\/form><\/div>  <!-- .wpforms-container --><\/div>","protected":false},"excerpt":{"rendered":"<p>Mentorstvo Na\u0161a ponuda uklju\u010duje podu\u010davanje za sve nivoe i vrste \u0161kola u individualnoj ili grupnoj nastavi po fer cenama. Pored u\u010denika svih uzrasta, rado brinemo i o pripravnicima i onima koji su ina\u010de zainteresovani i entuzijasti\u010dni za u\u010denje. Ponuda Na\u0161e kvalifikovano stru\u010dno osoblje prilago\u0111ava nastavu posebno potrebama na\u0161ih studenata podu\u010davanja i pru\u017ea podr\u0161ku u sledec\u0301im [&hellip;]<\/p>","protected":false},"author":1,"featured_media":0,"parent":3153,"menu_order":4,"comment_status":"closed","ping_status":"closed","template":"","meta":{"_uag_custom_page_level_css":"","site-sidebar-layout":"default","site-content-layout":"","ast-site-content-layout":"default","site-content-style":"default","site-sidebar-style":"default","ast-global-header-display":"","ast-banner-title-visibility":"","ast-main-header-display":"","ast-hfb-above-header-display":"","ast-hfb-below-header-display":"","ast-hfb-mobile-header-display":"","site-post-title":"disabled","ast-breadcrumbs-content":"","ast-featured-img":"","footer-sml-layout":"","ast-disable-related-posts":"","theme-transparent-header-meta":"","adv-header-id-meta":"","stick-header-meta":"","header-above-stick-meta":"","header-main-stick-meta":"","header-below-stick-meta":"","astra-migrate-meta-layouts":"default","ast-page-background-enabled":"default","ast-page-background-meta":{"desktop":{"background-color":"var(--ast-global-color-4)","background-image":"","background-repeat":"repeat","background-position":"center center","background-size":"auto","background-attachment":"scroll","background-type":"","background-media":"","overlay-type":"","overlay-color":"","overlay-opacity":"","overlay-gradient":""},"tablet":{"background-color":"","background-image":"","background-repeat":"repeat","background-position":"center center","background-size":"auto","background-attachment":"scroll","background-type":"","background-media":"","overlay-type":"","overlay-color":"","overlay-opacity":"","overlay-gradient":""},"mobile":{"background-color":"","background-image":"","background-repeat":"repeat","background-position":"center center","background-size":"auto","background-attachment":"scroll","background-type":"","background-media":"","overlay-type":"","overlay-color":"","overlay-opacity":"","overlay-gradient":""}},"ast-content-background-meta":{"desktop":{"background-color":"var(--ast-global-color-5)","background-image":"","background-repeat":"repeat","background-position":"center center","background-size":"auto","background-attachment":"scroll","background-type":"","background-media":"","overlay-type":"","overlay-color":"","overlay-opacity":"","overlay-gradient":""},"tablet":{"background-color":"var(--ast-global-color-5)","background-image":"","background-repeat":"repeat","background-position":"center center","background-size":"auto","background-attachment":"scroll","background-type":"","background-media":"","overlay-type":"","overlay-color":"","overlay-opacity":"","overlay-gradient":""},"mobile":{"background-color":"var(--ast-global-color-5)","background-image":"","background-repeat":"repeat","background-position":"center center","background-size":"auto","background-attachment":"scroll","background-type":"","background-media":"","overlay-type":"","overlay-color":"","overlay-opacity":"","overlay-gradient":""}},"_themeisle_gutenberg_block_has_review":false,"footnotes":""},"class_list":["post-3160","page","type-page","status-publish","hentry"],"uagb_featured_image_src":{"full":false,"thumbnail":false,"medium":false,"medium_large":false,"large":false,"1536x1536":false,"2048x2048":false,"trp-custom-language-flag":false},"uagb_author_info":{"display_name":"admin","author_link":"https:\/\/teamledl.at\/sr\/author\/admin\/"},"uagb_comment_info":0,"uagb_excerpt":"Mentorstvo Na\u0161a ponuda uklju\u010duje podu\u010davanje za sve nivoe i vrste \u0161kola u individualnoj ili grupnoj nastavi po fer cenama. Pored u\u010denika svih uzrasta, rado brinemo i o pripravnicima i onima koji su ina\u010de zainteresovani i entuzijasti\u010dni za u\u010denje. Ponuda Na\u0161e kvalifikovano stru\u010dno osoblje prilago\u0111ava nastavu posebno potrebama na\u0161ih studenata podu\u010davanja i pru\u017ea podr\u0161ku u sledec\u0301im&hellip;","_links":{"self":[{"href":"https:\/\/teamledl.at\/sr\/wp-json\/wp\/v2\/pages\/3160","targetHints":{"allow":["GET"]}}],"collection":[{"href":"https:\/\/teamledl.at\/sr\/wp-json\/wp\/v2\/pages"}],"about":[{"href":"https:\/\/teamledl.at\/sr\/wp-json\/wp\/v2\/types\/page"}],"author":[{"embeddable":true,"href":"https:\/\/teamledl.at\/sr\/wp-json\/wp\/v2\/users\/1"}],"replies":[{"embeddable":true,"href":"https:\/\/teamledl.at\/sr\/wp-json\/wp\/v2\/comments?post=3160"}],"version-history":[{"count":1,"href":"https:\/\/teamledl.at\/sr\/wp-json\/wp\/v2\/pages\/3160\/revisions"}],"predecessor-version":[{"id":3171,"href":"https:\/\/teamledl.at\/sr\/wp-json\/wp\/v2\/pages\/3160\/revisions\/3171"}],"up":[{"embeddable":true,"href":"https:\/\/teamledl.at\/sr\/wp-json\/wp\/v2\/pages\/3153"}],"wp:attachment":[{"href":"https:\/\/teamledl.at\/sr\/wp-json\/wp\/v2\/media?parent=3160"}],"curies":[{"name":"wp","href":"https:\/\/api.w.org\/{rel}","templated":true}]}}