{"id":3192,"date":"2024-11-05T20:28:20","date_gmt":"2024-11-05T19:28:20","guid":{"rendered":"https:\/\/teamledl.at\/?page_id=3192"},"modified":"2024-11-05T20:28:20","modified_gmt":"2024-11-05T19:28:20","slug":"kontakt-za-od-a1-do-c1","status":"publish","type":"page","link":"https:\/\/teamledl.at\/sr\/kontakt-za-od-a1-do-c1\/","title":{"rendered":"Kontakt za od A1 do C1"},"content":{"rendered":"\n<div class=\"wp-block-uagb-container uagb-block-1ececc70 alignfull uagb-is-root-container\">\n<div class=\"wp-block-uagb-container uagb-block-ac3334db\">\n<div class=\"wp-block-uagb-advanced-heading uagb-block-9866d22f\"><h1 class=\"uagb-heading-text\">Od A1 do C1 kontakt<\/h1><\/div>\n<\/div>\n<\/div>\n\n\n\n<div class=\"wp-block-uagb-container uagb-block-4e3e8586 alignfull uagb-is-root-container\"><div class=\"uagb-container-inner-blocks-wrap\">\n<div class=\"wp-block-uagb-container uagb-block-e533b431 alignfull uagb-is-root-container\"><div class=\"uagb-container-inner-blocks-wrap\"><style id=\"wpforms-css-vars-root\">\n\t\t\t\t:root {\n\t\t\t\t\t--wpforms-field-border-radius: 3px;\n--wpforms-field-border-style: solid;\n--wpforms-field-border-size: 1px;\n--wpforms-field-background-color: #ffffff;\n--wpforms-field-border-color: rgba( 0, 0, 0, 0.25 );\n--wpforms-field-border-color-spare: rgba( 0, 0, 0, 0.25 );\n--wpforms-field-text-color: rgba( 0, 0, 0, 0.7 );\n--wpforms-field-menu-color: #ffffff;\n--wpforms-label-color: rgba( 0, 0, 0, 0.85 );\n--wpforms-label-sublabel-color: rgba( 0, 0, 0, 0.55 );\n--wpforms-label-error-color: #d63637;\n--wpforms-button-border-radius: 3px;\n--wpforms-button-border-style: none;\n--wpforms-button-border-size: 1px;\n--wpforms-button-background-color: #066aab;\n--wpforms-button-border-color: #066aab;\n--wpforms-button-text-color: #ffffff;\n--wpforms-page-break-color: #066aab;\n--wpforms-background-image: none;\n--wpforms-background-position: center center;\n--wpforms-background-repeat: no-repeat;\n--wpforms-background-size: cover;\n--wpforms-background-width: 100px;\n--wpforms-background-height: 100px;\n--wpforms-background-color: rgba( 0, 0, 0, 0 );\n--wpforms-background-url: none;\n--wpforms-container-padding: 0px;\n--wpforms-container-border-style: none;\n--wpforms-container-border-width: 1px;\n--wpforms-container-border-color: #000000;\n--wpforms-container-border-radius: 3px;\n--wpforms-field-size-input-height: 43px;\n--wpforms-field-size-input-spacing: 15px;\n--wpforms-field-size-font-size: 16px;\n--wpforms-field-size-line-height: 19px;\n--wpforms-field-size-padding-h: 14px;\n--wpforms-field-size-checkbox-size: 16px;\n--wpforms-field-size-sublabel-spacing: 5px;\n--wpforms-field-size-icon-size: 1;\n--wpforms-label-size-font-size: 16px;\n--wpforms-label-size-line-height: 19px;\n--wpforms-label-size-sublabel-font-size: 14px;\n--wpforms-label-size-sublabel-line-height: 17px;\n--wpforms-button-size-font-size: 17px;\n--wpforms-button-size-height: 41px;\n--wpforms-button-size-padding-h: 15px;\n--wpforms-button-size-margin-top: 10px;\n--wpforms-container-shadow-size-box-shadow: none;\n\n\t\t\t\t}\n\t\t\t<\/style><style id=\"wpforms-css-vars-2572-block-85a49d01-fed8-4550-a295-1d8aca4657c0\">\n\t\t\t\t#wpforms-2572.wpforms-block-85a49d01-fed8-4550-a295-1d8aca4657c0 {\n\t\t\t\t\t--wpforms-label-color: #ffffff;\n--wpforms-button-background-color: #45ac34;\n--wpforms-page-break-color: #45ac34;\n--wpforms-background-color: #003c6b;\n--wpforms-field-size-input-height: 43px;\n--wpforms-field-size-input-spacing: 15px;\n--wpforms-field-size-font-size: 16px;\n--wpforms-field-size-line-height: 19px;\n--wpforms-field-size-padding-h: 14px;\n--wpforms-field-size-checkbox-size: 16px;\n--wpforms-field-size-sublabel-spacing: 5px;\n--wpforms-field-size-icon-size: 1;\n--wpforms-label-size-font-size: 16px;\n--wpforms-label-size-line-height: 19px;\n--wpforms-label-size-sublabel-font-size: 14px;\n--wpforms-label-size-sublabel-line-height: 17px;\n--wpforms-button-size-font-size: 17px;\n--wpforms-button-size-height: 41px;\n--wpforms-button-size-padding-h: 15px;\n--wpforms-button-size-margin-top: 10px;\n--wpforms-container-shadow-size-box-shadow: none;\n\n\t\t\t\t}\n\t\t\t<\/style><div class=\"wpforms-container wpforms-container-full wpforms-stripe wpforms-block wpforms-block-85a49d01-fed8-4550-a295-1d8aca4657c0 deutschekurse-form wpforms-render-modern\" id=\"wpforms-2572\"><form id=\"wpforms-form-2572\" class=\"wpforms-validate wpforms-form wpforms-ajax-form\" data-formid=\"2572\" method=\"post\" enctype=\"multipart\/form-data\" action=\"\/sr\/wp-json\/wp\/v2\/pages\/3192\" data-token=\"c9f3dc982ca85b154078647199bc5b69\" data-token-time=\"1776414518\"><noscript class=\"wpforms-error-noscript\">Please enable JavaScript in your browser to complete this form.<\/noscript><div class=\"wpforms-hidden\" id=\"wpforms-error-noscript\">Please enable JavaScript in your browser to complete this form.<\/div><div class=\"wpforms-field-container\"><div id=\"wpforms-2572-field_1-container\" class=\"wpforms-field wpforms-field-content deutschekurs-text deutschekurse-form\" data-field-type=\"content\" data-field-id=\"1\"><div id=\"wpforms-2572-field_1\" class=\"wpforms-field-medium wpforms-field-row\" aria-errormessage=\"wpforms-2572-field_1-error\"><h4>Bitte geben Sie Ihre pers\u00f6nlichen Daten f\u00fcr die Kursanmeldung zum gew\u00e4hlten Termin ein<\/h4>\n<p>&nbsp;<\/p>\n<h4><span style=\"color: #ffffff\" class=\"OYPEnA text-decoration-none text-strikethrough-none\">Sie melden sich f\u00fcr den Kurs Deutschkurse A1 bis C1 an<\/span><\/h4>\n<div class=\"wpforms-field-content-display-frontend-clear\"><\/div><\/div><\/div><div id=\"wpforms-2572-field_16-container\" class=\"wpforms-field wpforms-field-text wpf-disable-field vorbereitungskurse-datum deutschekurse-form\" data-field-type=\"text\" data-field-id=\"16\"><label class=\"wpforms-field-label\" for=\"wpforms-2572-field_16\">Datum:<\/label><input type=\"text\" id=\"wpforms-2572-field_16\" class=\"wpforms-field-large\" name=\"wpforms[fields][16]\" aria-errormessage=\"wpforms-2572-field_16-error\" ><\/div><div id=\"wpforms-2572-field_24-container\" class=\"wpforms-field wpforms-field-text wpf-disable-field deutschekurse-form\" data-field-type=\"text\" data-field-id=\"24\"><label class=\"wpforms-field-label\" for=\"wpforms-2572-field_24\">Uhrzeit:<\/label><input type=\"text\" id=\"wpforms-2572-field_24\" class=\"wpforms-field-large\" name=\"wpforms[fields][24]\" aria-errormessage=\"wpforms-2572-field_24-error\" ><\/div><div id=\"wpforms-2572-field_17-container\" class=\"wpforms-field wpforms-field-text wpf-disable-field vorbereitungskurse-kurse deutschekurse-form wpforms-conditional-trigger\" data-field-type=\"text\" data-field-id=\"17\"><label class=\"wpforms-field-label\" for=\"wpforms-2572-field_17\">Kurse:<\/label><input type=\"text\" id=\"wpforms-2572-field_17\" class=\"wpforms-field-large\" name=\"wpforms[fields][17]\" aria-errormessage=\"wpforms-2572-field_17-error\" ><\/div><div id=\"wpforms-2572-field_2-container\" class=\"wpforms-field wpforms-field-radio deutschekurs-anrede\" data-field-type=\"radio\" data-field-id=\"2\"><fieldset><legend class=\"wpforms-field-label\">Anrede <span class=\"wpforms-required-label\" aria-hidden=\"true\">*<\/span><\/legend><ul id=\"wpforms-2572-field_2\" class=\"wpforms-field-required\"><li class=\"choice-1 depth-1\"><input type=\"radio\" id=\"wpforms-2572-field_2_1\" name=\"wpforms[fields][2]\" value=\"Herr\" aria-errormessage=\"wpforms-2572-field_2_1-error\" required ><label class=\"wpforms-field-label-inline\" for=\"wpforms-2572-field_2_1\">Herr<\/label><\/li><li class=\"choice-2 depth-1\"><input type=\"radio\" id=\"wpforms-2572-field_2_2\" name=\"wpforms[fields][2]\" value=\"Frau\" aria-errormessage=\"wpforms-2572-field_2_2-error\" required ><label class=\"wpforms-field-label-inline\" for=\"wpforms-2572-field_2_2\">Frau<\/label><\/li><\/ul><\/fieldset><\/div><div id=\"wpforms-2572-field_3-container\" class=\"wpforms-field wpforms-field-name deutschekurs-name deutschekurse-form\" data-field-type=\"name\" data-field-id=\"3\"><label class=\"wpforms-field-label wpforms-label-hide\" for=\"wpforms-2572-field_3\" aria-hidden=\"false\">Name: <span class=\"wpforms-required-label\" aria-hidden=\"true\">*<\/span><\/label><input type=\"text\" id=\"wpforms-2572-field_3\" class=\"wpforms-field-large wpforms-field-required\" name=\"wpforms[fields][3]\" placeholder=\"Vorname, Familiename\" aria-errormessage=\"wpforms-2572-field_3-error\" required><\/div><div id=\"wpforms-2572-field_4-container\" class=\"wpforms-field wpforms-field-email deutschekurs-email deutschekurse-form\" data-field-type=\"email\" data-field-id=\"4\"><label class=\"wpforms-field-label wpforms-label-hide\" for=\"wpforms-2572-field_4\" aria-hidden=\"false\">Email <span class=\"wpforms-required-label\" aria-hidden=\"true\">*<\/span><\/label><input type=\"email\" id=\"wpforms-2572-field_4\" class=\"wpforms-field-large wpforms-field-required\" name=\"wpforms[fields][4]\" placeholder=\"bespiel@email.com\" spellcheck=\"false\" aria-errormessage=\"wpforms-2572-field_4-error\" required><\/div><div id=\"wpforms-2572-field_5-container\" class=\"wpforms-field wpforms-field-phone deutschekurs-phone deutschekurse-form\" data-field-type=\"phone\" data-field-id=\"5\"><label class=\"wpforms-field-label wpforms-label-hide\" for=\"wpforms-2572-field_5\" aria-hidden=\"false\">Telefon: <span class=\"wpforms-required-label\" aria-hidden=\"true\">*<\/span><\/label><input type=\"tel\" id=\"wpforms-2572-field_5\" class=\"wpforms-field-large wpforms-field-required wpforms-smart-phone-field\" data-rule-smart-phone-field=\"true\" name=\"wpforms[fields][5]\" placeholder=\"+43 123456789\" aria-label=\"Telefon:\" aria-errormessage=\"wpforms-2572-field_5-error\" required><\/div><div id=\"wpforms-2572-field_14-container\" class=\"wpforms-field wpforms-field-payment-single deutschekurse-form vorbereitungskurse-preis wpforms-conditional-field wpforms-conditional-show\" data-field-type=\"payment-single\" data-field-id=\"14\" style=\"display:none;\"><label class=\"wpforms-field-label\">Kursgeb\u00fchr: <span class=\"wpforms-required-label\" aria-hidden=\"true\">*<\/span><\/label><div class=\"wpforms-single-item-price-content\"><div class=\"wpforms-single-item-price wpforms-field-medium wpforms-field-required wpforms-payment-price\">Price: <span class=\"wpforms-price\">290,00 &euro;<\/span><\/div><\/div><input type=\"hidden\" id=\"wpforms-2572-field_14\" class=\"wpforms-field-medium wpforms-field-required wpforms-payment-price\" data-rule-required-positive-number=\"1\" name=\"wpforms[fields][14]\" value=\"290,00 &euro;\"><\/div><div id=\"wpforms-2572-field_23-container\" class=\"wpforms-field wpforms-field-payment-single deutschekurse-form vorbereitungskurse-preis wpforms-conditional-field wpforms-conditional-show\" data-field-type=\"payment-single\" data-field-id=\"23\" style=\"display:none;\"><label class=\"wpforms-field-label\">Kursgeb\u00fchr: <span class=\"wpforms-required-label\" aria-hidden=\"true\">*<\/span><\/label><div class=\"wpforms-single-item-price-content\"><div class=\"wpforms-single-item-price wpforms-field-medium wpforms-field-required wpforms-payment-price\">Price: <span class=\"wpforms-price\">580,00 &euro;<\/span><\/div><\/div><input type=\"hidden\" id=\"wpforms-2572-field_23\" class=\"wpforms-field-medium wpforms-field-required wpforms-payment-price\" data-rule-required-positive-number=\"1\" name=\"wpforms[fields][23]\" value=\"580,00 &euro;\"><\/div><div id=\"wpforms-2572-field_25-container\" class=\"wpforms-field wpforms-field-stripe-credit-card\" data-field-type=\"stripe-credit-card\" data-field-id=\"25\"><label class=\"wpforms-field-label\">Kreditkarte <span class=\"wpforms-required-label\" aria-hidden=\"true\">*<\/span><\/label><div class=\"wpforms-field-row wpforms-no-columns wpforms-field-large wpforms-sublabel-hide\" data-sublabel-position=\"floating\" data-link-email=\"\" data-required=\"1\"><div id=\"wpforms-field-stripe-link-element-2572\"><\/div><div id=\"wpforms-field-stripe-payment-element-2572\"><\/div><input type=\"text\" class=\"wpforms-stripe-credit-card-hidden-input\" name=\"wpforms[stripe-credit-card-hidden-input-2572]\" disabled style=\"display: none;\"><\/div><\/div><\/div><!-- .wpforms-field-container --><div class=\"wpforms-recaptcha-container wpforms-is-recaptcha wpforms-is-recaptcha-type-invisible\" ><div class=\"g-recaptcha\" data-sitekey=\"6LcE3DUqAAAAAFq0RJXzhBxtN7fxfvHAgPMBchLA\" data-badge=\"inline\" data-size=\"invisible\"><\/div><\/div><div class=\"wpforms-submit-container\" ><input type=\"hidden\" name=\"wpforms[id]\" value=\"2572\"><input type=\"hidden\" name=\"page_title\" value=\"\"><input type=\"hidden\" name=\"page_url\" value=\"https:\/\/teamledl.at\/sr\/wp-json\/wp\/v2\/pages\/3192\"><button type=\"submit\" name=\"wpforms[submit]\" id=\"wpforms-submit-2572\" class=\"wpforms-submit deutschekurse-buttom\" data-alt-text=\"Versendung...\" data-submit-text=\"Kaufen\" aria-live=\"assertive\" value=\"wpforms-submit\">Kaufen<\/button><img decoding=\"async\" src=\"https:\/\/teamledl.at\/wp-content\/plugins\/wpforms\/assets\/images\/submit-spin.svg\" class=\"wpforms-submit-spinner\" style=\"display: none;\" width=\"26\" height=\"26\" alt=\"Loading\"><\/div><\/form><\/div>  <!-- .wpforms-container --><\/div><\/div>\n<\/div><\/div>\n","protected":false},"excerpt":{"rendered":"<p>Od A1 do C1 kontakt<\/p>","protected":false},"author":1,"featured_media":0,"parent":0,"menu_order":0,"comment_status":"closed","ping_status":"closed","template":"","meta":{"_uag_custom_page_level_css":"","site-sidebar-layout":"default","site-content-layout":"","ast-site-content-layout":"default","site-content-style":"default","site-sidebar-style":"default","ast-global-header-display":"","ast-banner-title-visibility":"","ast-main-header-display":"","ast-hfb-above-header-display":"","ast-hfb-below-header-display":"","ast-hfb-mobile-header-display":"","site-post-title":"disabled","ast-breadcrumbs-content":"","ast-featured-img":"","footer-sml-layout":"","ast-disable-related-posts":"","theme-transparent-header-meta":"","adv-header-id-meta":"","stick-header-meta":"","header-above-stick-meta":"","header-main-stick-meta":"","header-below-stick-meta":"","astra-migrate-meta-layouts":"default","ast-page-background-enabled":"default","ast-page-background-meta":{"desktop":{"background-color":"var(--ast-global-color-4)","background-image":"","background-repeat":"repeat","background-position":"center center","background-size":"auto","background-attachment":"scroll","background-type":"","background-media":"","overlay-type":"","overlay-color":"","overlay-opacity":"","overlay-gradient":""},"tablet":{"background-color":"","background-image":"","background-repeat":"repeat","background-position":"center center","background-size":"auto","background-attachment":"scroll","background-type":"","background-media":"","overlay-type":"","overlay-color":"","overlay-opacity":"","overlay-gradient":""},"mobile":{"background-color":"","background-image":"","background-repeat":"repeat","background-position":"center center","background-size":"auto","background-attachment":"scroll","background-type":"","background-media":"","overlay-type":"","overlay-color":"","overlay-opacity":"","overlay-gradient":""}},"ast-content-background-meta":{"desktop":{"background-color":"var(--ast-global-color-5)","background-image":"","background-repeat":"repeat","background-position":"center center","background-size":"auto","background-attachment":"scroll","background-type":"","background-media":"","overlay-type":"","overlay-color":"","overlay-opacity":"","overlay-gradient":""},"tablet":{"background-color":"var(--ast-global-color-5)","background-image":"","background-repeat":"repeat","background-position":"center center","background-size":"auto","background-attachment":"scroll","background-type":"","background-media":"","overlay-type":"","overlay-color":"","overlay-opacity":"","overlay-gradient":""},"mobile":{"background-color":"var(--ast-global-color-5)","background-image":"","background-repeat":"repeat","background-position":"center center","background-size":"auto","background-attachment":"scroll","background-type":"","background-media":"","overlay-type":"","overlay-color":"","overlay-opacity":"","overlay-gradient":""}},"_themeisle_gutenberg_block_has_review":false,"footnotes":""},"class_list":["post-3192","page","type-page","status-publish","hentry"],"uagb_featured_image_src":{"full":false,"thumbnail":false,"medium":false,"medium_large":false,"large":false,"1536x1536":false,"2048x2048":false,"trp-custom-language-flag":false},"uagb_author_info":{"display_name":"admin","author_link":"https:\/\/teamledl.at\/sr\/author\/admin\/"},"uagb_comment_info":0,"uagb_excerpt":"Od A1 do C1 kontakt","_links":{"self":[{"href":"https:\/\/teamledl.at\/sr\/wp-json\/wp\/v2\/pages\/3192","targetHints":{"allow":["GET"]}}],"collection":[{"href":"https:\/\/teamledl.at\/sr\/wp-json\/wp\/v2\/pages"}],"about":[{"href":"https:\/\/teamledl.at\/sr\/wp-json\/wp\/v2\/types\/page"}],"author":[{"embeddable":true,"href":"https:\/\/teamledl.at\/sr\/wp-json\/wp\/v2\/users\/1"}],"replies":[{"embeddable":true,"href":"https:\/\/teamledl.at\/sr\/wp-json\/wp\/v2\/comments?post=3192"}],"version-history":[{"count":2,"href":"https:\/\/teamledl.at\/sr\/wp-json\/wp\/v2\/pages\/3192\/revisions"}],"predecessor-version":[{"id":3210,"href":"https:\/\/teamledl.at\/sr\/wp-json\/wp\/v2\/pages\/3192\/revisions\/3210"}],"wp:attachment":[{"href":"https:\/\/teamledl.at\/sr\/wp-json\/wp\/v2\/media?parent=3192"}],"curies":[{"name":"wp","href":"https:\/\/api.w.org\/{rel}","templated":true}]}}